{"id":73,"date":"2018-11-01T12:41:14","date_gmt":"2018-11-01T12:41:14","guid":{"rendered":"http:\/\/www.ved-gat.hu\/?page_id=73"},"modified":"2024-02-26T09:42:19","modified_gmt":"2024-02-26T08:42:19","slug":"kapcsolat","status":"publish","type":"page","link":"https:\/\/www.ved-gat.hu\/index.php\/kapcsolat\/","title":{"rendered":"Kapcsolat"},"content":{"rendered":"\n<p class=\"has-medium-font-size\"><\/p>\n\n\n\n<blockquote class=\"wp-block-quote is-layout-flow wp-block-quote-is-layout-flow\">\n<p> <br><strong>V\u00e9d-G\u00e1t Vagyonv\u00e9delmi Szolg\u00e1ltat\u00f3 Kft.<\/strong> <\/p>\n<cite> 2300 R\u00e1ckeve, Kossuth Lajos \u00fat 122. <em>(a H\u00c9V v\u00e9g\u00e1llom\u00e1ssal szemben)<\/em><br><\/cite><\/blockquote>\n\n\n\n<p><strong>Diszp\u00e9cser szolg\u00e1lat:<\/strong>&nbsp;24 \u00f3r\u00e1s<\/p>\n\n\n\n<ul class=\"wp-block-list\">\n<li>Riaszt\u00e1s lemond\u00e1sa<strong>&nbsp;<\/strong><br><strong>+36 24 541 841<\/strong><br>+36 70 331 9668<br>+36 70 378 4957<\/li>\n<\/ul>\n\n\n\n<ul class=\"wp-block-list\">\n<li>17:00 ut\u00e1n \u00e9s h\u00e9tv\u00e9g\u00e9n hibabejelent\u00e9s<\/li>\n<\/ul>\n\n\n\n<p><strong>Hibabejelent\u00e9s<\/strong>:<br>H-CS 8:00-16:00, P 8:00-14:00<br>+36 70 378 4954\u00a0<br><a href=\"mailto:kapcsolat@ad2elektronika.hu\" target=\"_blank\" rel=\"noreferrer noopener\">kapcsolat@ad2elektronika.hu<\/a><\/p>\n\n\n\n<ul class=\"wp-block-list\">\n<li>Riaszt\u00f3val, kamerarendszerrel, t\u0171zjelz\u0151vel kapcsolatos hiba bejelent\u00e9se,id\u0151pont egyeztet\u00e9s<\/li>\n<\/ul>\n\n\n\n<p><strong>\u00dcgyf\u00e9lszolg\u00e1lat:<\/strong><br>H-CS 8:00-16:00, P 8:00-14:00<br>+36 24 423 498\u00a0<br><a href=\"mailto:info@ved-gat.hu\" target=\"_blank\" rel=\"noreferrer noopener\">info@ved-gat.hu<\/a><\/p>\n\n\n\n<ul class=\"wp-block-list\">\n<li>Bek\u00f6t\u00e9s menet\u00e9r\u0151l val\u00f3 t\u00e1j\u00e9koztat\u00e1s<\/li>\n\n\n\n<li>Id\u0151pont egyeztet\u00e9s ingyenes helysz\u00edni felm\u00e9r\u00e9sr\u0151l<\/li>\n\n\n\n<li>D\u00edjakr\u00f3l val\u00f3 t\u00e1j\u00e9koztat\u00e1s<\/li>\n\n\n\n<li>Szerz\u0151d\u00e9s k\u00f6t\u00e9s<\/li>\n\n\n\n<li>Havid\u00edj befizet\u00e9se<\/li>\n\n\n\n<li>Sz\u00e1ml\u00e1z\u00e1ssal kapcsolatos k\u00e9rd\u00e9sek<\/li>\n<\/ul>\n\n\n\n<p><\/p>\n\n\n\n<figure><iframe style=\"border: 0;\" src=\"https:\/\/www.google.com\/maps\/embed?pb=!1m18!1m12!1m3!1d2712.0739788613214!2d18.940092515826148!3d47.17598812561759!2m3!1f0!2f0!3f0!3m2!1i1024!2i768!4f13.1!3m3!1m2!1s0x4741f7745b505e6b%3A0xa51520408295262a!2zVsOpZC1Hw6F0IEtmdC4!5e0!3m2!1shu!2shu!4v1550581804002\" width=\"600\" height=\"450\" frameborder=\"0\" allowfullscreen=\"allowfullscreen\"><\/iframe><\/figure>\n","protected":false},"excerpt":{"rendered":"<p>V\u00e9d-G\u00e1t Vagyonv\u00e9delmi Szolg\u00e1ltat\u00f3 Kft. 2300 R\u00e1ckeve, Kossuth Lajos \u00fat 122. (a H\u00c9V v\u00e9g\u00e1llom\u00e1ssal szemben) Diszp\u00e9cser szolg\u00e1lat:&nbsp;24 \u00f3r\u00e1s Hibabejelent\u00e9s:H-CS 8:00-16:00, P 8:00-14:00+36 70 378 4954\u00a0kapcsolat@ad2elektronika.hu \u00dcgyf\u00e9lszolg\u00e1lat:H-CS 8:00-16:00, P 8:00-14:00+36 24 423 498\u00a0info@ved-gat.hu<\/p>\n","protected":false},"author":1,"featured_media":0,"parent":0,"menu_order":0,"comment_status":"closed","ping_status":"closed","template":"","meta":{"footnotes":""},"class_list":["post-73","page","type-page","status-publish","hentry"],"_links":{"self":[{"href":"https:\/\/www.ved-gat.hu\/index.php\/wp-json\/wp\/v2\/pages\/73","targetHints":{"allow":["GET"]}}],"collection":[{"href":"https:\/\/www.ved-gat.hu\/index.php\/wp-json\/wp\/v2\/pages"}],"about":[{"href":"https:\/\/www.ved-gat.hu\/index.php\/wp-json\/wp\/v2\/types\/page"}],"author":[{"embeddable":true,"href":"https:\/\/www.ved-gat.hu\/index.php\/wp-json\/wp\/v2\/users\/1"}],"replies":[{"embeddable":true,"href":"https:\/\/www.ved-gat.hu\/index.php\/wp-json\/wp\/v2\/comments?post=73"}],"version-history":[{"count":22,"href":"https:\/\/www.ved-gat.hu\/index.php\/wp-json\/wp\/v2\/pages\/73\/revisions"}],"predecessor-version":[{"id":1052,"href":"https:\/\/www.ved-gat.hu\/index.php\/wp-json\/wp\/v2\/pages\/73\/revisions\/1052"}],"wp:attachment":[{"href":"https:\/\/www.ved-gat.hu\/index.php\/wp-json\/wp\/v2\/media?parent=73"}],"curies":[{"name":"wp","href":"https:\/\/api.w.org\/{rel}","templated":true}]}}