{"id":70,"date":"2018-11-01T12:35:49","date_gmt":"2018-11-01T12:35:49","guid":{"rendered":"http:\/\/www.ved-gat.hu\/?page_id=70"},"modified":"2025-01-09T08:46:00","modified_gmt":"2025-01-09T07:46:00","slug":"letoltesek","status":"publish","type":"page","link":"https:\/\/www.ved-gat.hu\/index.php\/letoltesek\/","title":{"rendered":"Let\u00f6lt\u00e9sek"},"content":{"rendered":"\t\t<div data-elementor-type=\"wp-page\" data-elementor-id=\"70\" class=\"elementor elementor-70\">\n\t\t\t\t\t\t<section class=\"elementor-section elementor-top-section elementor-element elementor-element-5e5aeeb elementor-section-height-min-height elementor-section-boxed elementor-section-height-default elementor-section-items-middle wpr-particle-no wpr-jarallax-no wpr-parallax-no wpr-sticky-section-no wpr-equal-height-no\" data-id=\"5e5aeeb\" data-element_type=\"section\" data-e-type=\"section\" data-settings=\"{&quot;background_background&quot;:&quot;classic&quot;,&quot;shape_divider_bottom&quot;:&quot;tilt&quot;}\">\n\t\t\t\t\t\t\t<div class=\"elementor-background-overlay\"><\/div>\n\t\t\t\t\t\t<div class=\"elementor-shape elementor-shape-bottom\" aria-hidden=\"true\" data-negative=\"false\">\n\t\t\t<svg xmlns=\"http:\/\/www.w3.org\/2000\/svg\" viewBox=\"0 0 1000 100\" preserveAspectRatio=\"none\">\n\t<path class=\"elementor-shape-fill\" d=\"M0,6V0h1000v100L0,6z\"\/>\n<\/svg>\t\t<\/div>\n\t\t\t\t\t<div class=\"elementor-container elementor-column-gap-default\">\n\t\t\t\t\t<div class=\"elementor-column elementor-col-100 elementor-top-column elementor-element elementor-element-f43edab\" data-id=\"f43edab\" data-element_type=\"column\" data-e-type=\"column\">\n\t\t\t<div class=\"elementor-widget-wrap elementor-element-populated\">\n\t\t\t\t\t\t<div class=\"elementor-element elementor-element-7ee779a elementor-widget elementor-widget-heading\" data-id=\"7ee779a\" data-element_type=\"widget\" data-e-type=\"widget\" data-widget_type=\"heading.default\">\n\t\t\t\t<div class=\"elementor-widget-container\">\n\t\t\t\t\t<h2 class=\"elementor-heading-title elementor-size-default\">let\u00f6lt\u00e9sek<\/h2>\t\t\t\t<\/div>\n\t\t\t\t<\/div>\n\t\t\t\t\t<\/div>\n\t\t<\/div>\n\t\t\t\t\t<\/div>\n\t\t<\/section>\n\t\t\t\t<section class=\"elementor-section elementor-top-section elementor-element elementor-element-78916f24 elementor-section-boxed elementor-section-height-default elementor-section-height-default wpr-particle-no wpr-jarallax-no wpr-parallax-no wpr-sticky-section-no wpr-equal-height-no\" data-id=\"78916f24\" data-element_type=\"section\" data-e-type=\"section\">\n\t\t\t\t\t\t<div class=\"elementor-container elementor-column-gap-default\">\n\t\t\t\t\t<div class=\"elementor-column elementor-col-100 elementor-top-column elementor-element elementor-element-a12e1f9\" data-id=\"a12e1f9\" data-element_type=\"column\" data-e-type=\"column\">\n\t\t\t<div class=\"elementor-widget-wrap elementor-element-populated\">\n\t\t\t\t\t\t<div class=\"elementor-element elementor-element-34d1c7af elementor-widget elementor-widget-text-editor\" data-id=\"34d1c7af\" data-element_type=\"widget\" data-e-type=\"widget\" data-widget_type=\"text-editor.default\">\n\t\t\t\t<div class=\"elementor-widget-container\">\n\t\t\t\t\t\t\t\t\t\n<h2 class=\"has-black-color has-text-color wp-block-heading\">Kezel\u0151 kezel\u00e9si \u00fatmutat\u00f3 &#8211; Kezel\u0151 felhaszn\u00e1l\u00f3i k\u00e9zik\u00f6nyv<\/h2>\n\n\n\n<p class=\"has-black-color has-text-color\">Rendszeres probl\u00e9ma az \u00dcgyf\u00e9lnek riaszt\u00f3rendszerek kezel\u00e9si utmutat\u00f3 hi\u00e1nya. Ez\u00e9rt innen a c\u00e9g\u00fcnk \u00e1ltal telep\u00edtett \u00e9s a fel\u00fcgyelet\u00fcnkbe bek\u00f6t\u00f6tt leggyakrabban haszn\u00e1lt riaszt\u00f3 kezel\u0151k le\u00edr\u00e1s\u00e1t t\u00f6lthetik le. <\/p>\n\n\n\n<p class=\"has-black-color has-text-color\">A rendszer minden akci\u00f3ja v\u00e9grehajthat\u00f3 \u00e9s megfigyelhet\u00f5 a kezel\u00f5n kereszt\u00fcl. Ez\u00e9rt, miel\u00f5tt a biztons\u00e1gi rendszer haszn\u00e1lat\u00e1ba kezd, javasoljuk, hogy tanulm\u00e1nyozza ezt az \u00fatmutat\u00f3t \u00e9s telep\u00edt\u00f5j\u00e9vel magyar\u00e1ztassa el a rendszer alapvet\u00f5 m\u00fbk\u00f6d\u00e9s\u00e9t.<\/p>\n\n\n\n<p>Kezel\u00e9si \u00fatmutat\u00f3k:<\/p>\n\n\n\n<div style=\"display:block;margin-left:0px; width:100%;\">\n <div style=\"margin:auto; width:100%;\">\n        <div style=\"width:148px; height:200px; padding-left:2px; display:block;float:left;border:1px solid lightgrey;margin:10px 2px 0px 0px; background:white; \"><img decoding=\"async\" src=\"http:\/\/www.ved-gat.hu\/wp-content\/uploads\/2019\/12\/K10H.jpg\" alt=\"kezel\u0151 kezel\u00e9si \u00fatmutat\u00f3\" style=\"width:145px; height:145px;\"> <a href=\"https:\/\/www.ved-gat.hu\/wp-content\/uploads\/2018\/12\/mg.pdf\" style=\"margin-top:-10px\">K10H (kor\u00e1bban MG10H)<\/a><\/div>\n        <div style=\"width:148px; height:200px; padding-left:2px; display:block;float:left;border:1px solid lightgrey;margin:10px 2px 0px 0px; background:white; \"><img decoding=\"async\" src=\"http:\/\/www.ved-gat.hu\/wp-content\/uploads\/2019\/12\/K10V.jpg\" alt=\"kezel\u0151 kezel\u00e9si \u00fatmutat\u00f3\" style=\"width:145px; height:145px;\"> <a href=\"https:\/\/www.ved-gat.hu\/wp-content\/uploads\/2018\/12\/mg.pdf\" style=\"margin-top:-10px\">K10V (kor\u00e1bban MG10V)<\/a><\/div>\n        <div style=\"width:148px; height:200px; padding-left:2px; display:block;float:left;border:1px solid lightgrey;margin:10px 2px 0px 0px; background:white; \"><img decoding=\"async\" src=\"http:\/\/www.ved-gat.hu\/wp-content\/uploads\/2019\/12\/K32.jpg\" style=\"width:145px; height:145px;\"> <a href=\"http:\/\/www.ved-gat.hu\/index.php\/magellan\" style=\"margin-top:-10px\">K32<\/a><\/div>\n        <div style=\"width:148px; height:200px; padding-left:2px; display:block;float:left;border:1px solid lightgrey;margin:10px 2px 0px 0px; background:white; \"><img decoding=\"async\" src=\"http:\/\/www.ved-gat.hu\/wp-content\/uploads\/2019\/12\/K32LCD.jpg\" alt=\"kezel\u0151 kezel\u00e9si \u00fatmutat\u00f3\" style=\"width:145px; height:145px;\"> <a href=\"https:\/\/www.ved-gat.hu\/wp-content\/uploads\/2018\/12\/mg.pdf\" style=\"margin-top:-10px\">K32LCD<\/a><\/div>\n        <div style=\"width:148px; height:200px; padding-left:2px; display:block;float:left;border:1px solid lightgrey;margin:10px 2px 0px 0px; background:white; \"><img decoding=\"async\" src=\"http:\/\/www.ved-gat.hu\/wp-content\/uploads\/2019\/12\/K32LX.jpg\" alt=\"riaszt\u00f3 kezel\u00e9si \u00fatmutat\u00f3\" style=\"width:145px; height:145px;\"> <a href=\"https:\/\/www.ved-gat.hu\/wp-content\/uploads\/2018\/12\/mg.pdf\" style=\"margin-top:-10px\">K32LX<\/a><\/div>\n        <div style=\"width:148px; height:200px; padding-left:2px; display:block;float:left;border:1px solid lightgrey;margin:10px 2px 0px 0px; background:white; \"><img decoding=\"async\" src=\"http:\/\/www.ved-gat.hu\/wp-content\/uploads\/2019\/12\/K35.jpg\" alt=\"riaszt\u00f3 felhaszn\u00e1l\u00f3i k\u00e9zik\u00f6nyv\" style=\"width:145px; height:145px;\"> <a href=\"https:\/\/www.ved-gat.hu\/wp-content\/uploads\/2018\/12\/mg.pdf\" style=\"margin-top:-10px\">K35 (kor\u00e1bban K32I)<\/a><\/div>\n        <div style=\"width:148px; height:200px; padding-left:2px; display:block;float:left;border:1px solid lightgrey;margin:10px 2px 0px 0px; background:white; \"><img decoding=\"async\" src=\"http:\/\/www.ved-gat.hu\/wp-content\/uploads\/2019\/12\/K37.jpg\" alt=\"kezel\u0151 kezel\u00e9si \u00fatmutat\u00f3\" style=\"width:145px; height:145px;\"> <a href=\"http:\/\/www.ved-gat.hu\/index.php\/magellan\" style=\"margin-top:-10px\">K37 (kor\u00e1bban K32IRF)<\/a><\/div>\n        <div style=\"width:148px; height:200px; padding-left:2px; display:block;float:left;border:1px solid lightgrey;margin:10px 2px 0px 0px; background:white; \"><img decoding=\"async\" src=\"http:\/\/www.ved-gat.hu\/wp-content\/uploads\/2019\/12\/K636.jpg\" alt=\"kezel\u0151 kezel\u00e9si \u00fatmutat\u00f3\" style=\"width:145px; height:145px;\"> <a href=\"https:\/\/www.ved-gat.hu\/wp-content\/uploads\/2018\/12\/mg.pdf\" style=\"margin-top:-10px\">K636<\/a><\/div>\n        <div style=\"width:148px; height:200px; padding-left:2px; display:block;float:left;border:1px solid lightgrey;margin:10px 2px 0px 0px; background:white; \"><img decoding=\"async\" src=\"http:\/\/www.ved-gat.hu\/wp-content\/uploads\/2019\/12\/paradox-esprit-646.jpg\" alt=\"kezel\u0151 kezel\u00e9si \u00fatmutat\u00f3\" style=\"width:145px; height:145px;\"> <a href=\"https:\/\/www.ved-gat.hu\/wp-content\/uploads\/2021\/04\/esprit-616-636-646.pdf\" style=\"margin-top:-10px\">Esprit 646<\/a><\/div>\n        <div style=\"width:148px; height:200px; padding-left:2px; display:block;float:left;border:1px solid lightgrey;margin:10px 2px 0px 0px; background:white; \"><img decoding=\"async\" src=\"http:\/\/www.ved-gat.hu\/wp-content\/uploads\/2019\/12\/Spectra-1689.jpg\" style=\"width:145px; height:145px;\"> <a href=\"https:\/\/www.ved-gat.hu\/wp-content\/uploads\/2021\/04\/spektra-1689-1641-felhasznaloi-utmutato.pdf\" style=\"margin-top:-10px\">Spectra 1689<\/a><\/div>\n        <div style=\"width:148px; height:200px; padding-left:2px; display:block;float:left;border:1px solid lightgrey;margin:10px 2px 0px 0px; background:white; \"><img decoding=\"async\" src=\"http:\/\/www.ved-gat.hu\/wp-content\/uploads\/2019\/12\/spextra-1641.jpg\" alt=\"kezel\u0151 kezel\u00e9si \u00fatmutat\u00f3\" style=\"width:145px; height:145px;\"> <a href=\"https:\/\/www.ved-gat.hu\/wp-content\/uploads\/2021\/04\/spektra-1689-1641-felhasznaloi-utmutato.pdf\" style=\"margin-top:-10px\">Spectra 1641<\/a><\/div>\n        <div style=\"width:148px; height:200px; padding-left:2px; display:block;float:left;border:1px solid lightgrey;margin:10px 2px 0px 0px; background:white; \"><img decoding=\"async\" src=\"http:\/\/www.ved-gat.hu\/wp-content\/uploads\/2019\/12\/ESPRIT-616-626.jpg\" alt=\"kezel\u0151 kezel\u00e9si \u00fatmutat\u00f3\" style=\"width:145px; height:145px;\"> <a href=\"https:\/\/www.ved-gat.hu\/wp-content\/uploads\/2021\/04\/esprit-616-636-646.pdf\" style=\"margin-top:-10px\">Esprit 616-626<\/a><\/div>\n        <div style=\"width:148px; height:200px; padding-left:2px; display:block;float:left;border:1px solid lightgrey;margin:10px 2px 0px 0px; background:white; \"><img decoding=\"async\" src=\"http:\/\/www.ved-gat.hu\/wp-content\/uploads\/2019\/12\/Esprit-636.jpg\" alt=\"kezel\u0151 kezel\u00e9si \u00fatmutat\u00f3\" style=\"width:145px; height:145px;\"> <a href=\"https:\/\/www.ved-gat.hu\/wp-content\/uploads\/2021\/04\/esprit-616-636-646.pdf\" style=\"margin-top:-10px\">Esprit 636<\/a><\/div>\n        <div style=\"width:148px; height:200px; padding-left:2px; display:block;float:left;border:1px solid lightgrey;margin:10px 2px 0px 0px; background:white; \"><img decoding=\"async\" src=\"http:\/\/www.ved-gat.hu\/wp-content\/uploads\/2019\/12\/DCS_PC2550.jpg\" alt=\"kezel\u0151 kezel\u00e9si \u00fatmutat\u00f3\" style=\"width:145px; height:145px;\"> <a href=\"https:\/\/www.ved-gat.hu\/wp-content\/uploads\/2018\/12\/pc2550kz.zip\" style=\"margin-top:-10px\">DCS PC2550<\/a><\/div>\n        <div style=\"width:148px; height:200px; padding-left:2px; display:block;float:left;border:1px solid lightgrey;margin:10px 2px 0px 0px; background:white; \"><img decoding=\"async\" src=\"http:\/\/www.ved-gat.hu\/wp-content\/uploads\/2019\/12\/DCS_PK5501_RFK5501.jpg\" alt=\"kezel\u0151 felhaszn\u00e1l\u00f3i k\u00e9zik\u00f6nyv\" style=\"width:145px; height:145px;\"> <a href=\"https:\/\/www.ved-gat.hu\/wp-content\/uploads\/2021\/04\/dsc_felhasz.pdf\" style=\"margin-top:-10px\">DCS PK5501 RFK5501<\/a><\/div>\n        <div style=\"width:148px; height:200px; padding-left:2px; display:block;float:left;border:1px solid lightgrey;margin:10px 2px 0px 0px; background:white; \"><img decoding=\"async\" src=\"http:\/\/www.ved-gat.hu\/wp-content\/uploads\/2019\/12\/DCS_PK5516_RFK5516.jpg\" style=\"width:145px; height:145px;\"> <a href=\"https:\/\/www.ved-gat.hu\/wp-content\/uploads\/2021\/04\/dsc_felhasz.pdf\" alt=\"kezel\u0151 kezel\u00e9si \u00fatmutat\u00f3\" style=\"margin-top:-10px\">DCS PK5516 RFK5516<\/a><\/div>\n        <div style=\"width:148px; height:200px; padding-left:2px; display:block;float:left;border:1px solid lightgrey;margin:10px 2px 0px 0px; background:white; \"><img decoding=\"async\" src=\"http:\/\/www.ved-gat.hu\/wp-content\/uploads\/2019\/12\/DCS_RFK5500.jpg\" style=\"width:145px; height:145px;\"> <a href=\"https:\/\/www.ved-gat.hu\/wp-content\/uploads\/2021\/04\/dsc_felhasz.pdf\" alt=\"riaszt\u00f3 kezel\u00e9si \u00fatmutat\u00f3\" style=\"margin-top:-10px\">DCS RFK5500<\/a><\/div>\n        <div style=\"width:148px; height:200px; padding-left:2px; display:block;float:left;border:1px solid lightgrey;margin:10px 2px 0px 0px; background:white; \"><img decoding=\"async\" src=\"http:\/\/www.ved-gat.hu\/wp-content\/uploads\/2019\/12\/DCS_RFK5564.jpg\" alt=\"kezel\u0151 felhaszn\u00e1l\u00f3i k\u00e9zik\u00f6nyv\" style=\"width:145px; height:145px;\"> <a href=\"https:\/\/www.ved-gat.hu\/wp-content\/uploads\/2021\/04\/dsc_felhasz.pdf\" style=\"margin-top:-10px\">DCS RFK5564<\/a><\/div>\n        <div style=\"width:148px; height:200px; padding-left:2px; display:block;float:left;border:1px solid lightgrey;margin:10px 2px 0px 0px; background:white; \"><img decoding=\"async\" src=\"http:\/\/www.ved-gat.hu\/wp-content\/uploads\/2019\/12\/dsc-pc585.jpg\" style=\"width:145px; height:145px;\"> <a href=\"https:\/\/www.ved-gat.hu\/wp-content\/uploads\/2021\/04\/dsc_felhasz.pdf\" alt=\"riaszt\u00f3 felhaszn\u00e1l\u00f3i k\u00e9zik\u00f6nyv\" style=\"margin-top:-10px\">DCS PC585<\/a><\/div>\n        <div style=\"width:148px; height:200px; padding-left:2px; display:block;float:left;border:1px solid lightgrey;margin:10px 2px 0px 0px; background:white; \"><img decoding=\"async\" src=\"http:\/\/www.ved-gat.hu\/wp-content\/uploads\/2019\/12\/dsc-PC5500-PC1565.jpg\" alt=\"riaszt\u00f3 kezel\u00e9si \u00fatmutat\u00f3\" style=\"width:145px; height:145px;\"> <a href=\"https:\/\/www.ved-gat.hu\/wp-content\/uploads\/2021\/04\/dsc_felhasz.pdf\" style=\"margin-top:-10px\">DCS PC5500 PC1565<\/a><\/div>\n  <\/div>\n<\/div>\n\n\n\n<p><\/p>\n\n\n\n<p><\/p>\n\n\n\n<p><\/p>\n\t\t\t\t\t\t\t\t<\/div>\n\t\t\t\t<\/div>\n\t\t\t\t\t<\/div>\n\t\t<\/div>\n\t\t\t\t\t<\/div>\n\t\t<\/section>\n\t\t\t\t<\/div>\n\t\t","protected":false},"excerpt":{"rendered":"<p>let\u00f6lt\u00e9sek Kezel\u0151 kezel\u00e9si \u00fatmutat\u00f3 &#8211; Kezel\u0151 felhaszn\u00e1l\u00f3i k\u00e9zik\u00f6nyv Rendszeres probl\u00e9ma az \u00dcgyf\u00e9lnek riaszt\u00f3rendszerek kezel\u00e9si utmutat\u00f3 hi\u00e1nya. Ez\u00e9rt innen a c\u00e9g\u00fcnk \u00e1ltal telep\u00edtett \u00e9s a fel\u00fcgyelet\u00fcnkbe bek\u00f6t\u00f6tt leggyakrabban haszn\u00e1lt riaszt\u00f3 kezel\u0151k le\u00edr\u00e1s\u00e1t t\u00f6lthetik le. A rendszer minden akci\u00f3ja v\u00e9grehajthat\u00f3 \u00e9s megfigyelhet\u00f5 a kezel\u00f5n kereszt\u00fcl. Ez\u00e9rt, miel\u00f5tt a biztons\u00e1gi rendszer haszn\u00e1lat\u00e1ba kezd, javasoljuk, hogy tanulm\u00e1nyozza ezt az \u00fatmutat\u00f3t \u00e9s telep\u00edt\u00f5j\u00e9vel magyar\u00e1ztassa el a rendszer alapvet\u00f5 m\u00fbk\u00f6d\u00e9s\u00e9t. Kezel\u00e9si \u00fatmutat\u00f3k: K10H (kor\u00e1bban MG10H) K10V (kor\u00e1bban MG10V) K32 K32LCD K32LX K35 (kor\u00e1bban K32I) K37 (kor\u00e1bban K32IRF) K636 Esprit 646 Spectra 1689 Spectra 1641 Esprit 616-626 Esprit 636 DCS PC2550 DCS PK5501 RFK5501 DCS PK5516 RFK5516 DCS RFK5500 DCS RFK5564 DCS PC585 DCS PC5500 PC1565<\/p>\n","protected":false},"author":1,"featured_media":0,"parent":0,"menu_order":0,"comment_status":"closed","ping_status":"closed","template":"","meta":{"footnotes":""},"class_list":["post-70","page","type-page","status-publish","hentry"],"_links":{"self":[{"href":"https:\/\/www.ved-gat.hu\/index.php\/wp-json\/wp\/v2\/pages\/70","targetHints":{"allow":["GET"]}}],"collection":[{"href":"https:\/\/www.ved-gat.hu\/index.php\/wp-json\/wp\/v2\/pages"}],"about":[{"href":"https:\/\/www.ved-gat.hu\/index.php\/wp-json\/wp\/v2\/types\/page"}],"author":[{"embeddable":true,"href":"https:\/\/www.ved-gat.hu\/index.php\/wp-json\/wp\/v2\/users\/1"}],"replies":[{"embeddable":true,"href":"https:\/\/www.ved-gat.hu\/index.php\/wp-json\/wp\/v2\/comments?post=70"}],"version-history":[{"count":47,"href":"https:\/\/www.ved-gat.hu\/index.php\/wp-json\/wp\/v2\/pages\/70\/revisions"}],"predecessor-version":[{"id":1327,"href":"https:\/\/www.ved-gat.hu\/index.php\/wp-json\/wp\/v2\/pages\/70\/revisions\/1327"}],"wp:attachment":[{"href":"https:\/\/www.ved-gat.hu\/index.php\/wp-json\/wp\/v2\/media?parent=70"}],"curies":[{"name":"wp","href":"https:\/\/api.w.org\/{rel}","templated":true}]}}