{"id":672,"date":"2021-07-04T10:46:36","date_gmt":"2021-07-04T10:46:36","guid":{"rendered":"https:\/\/www.ved-gat.hu\/?page_id=672"},"modified":"2026-04-23T14:52:50","modified_gmt":"2026-04-23T12:52:50","slug":"gardony-webkamera","status":"publish","type":"page","link":"https:\/\/www.ved-gat.hu\/index.php\/gardony-webkamera\/","title":{"rendered":"Webkamera"},"content":{"rendered":"\t\t<div data-elementor-type=\"wp-page\" data-elementor-id=\"672\" class=\"elementor elementor-672\">\n\t\t\t\t\t\t<section class=\"elementor-section elementor-top-section elementor-element elementor-element-5b6a638 elementor-section-height-min-height elementor-section-boxed elementor-section-height-default elementor-section-items-middle wpr-particle-no wpr-jarallax-no wpr-parallax-no wpr-sticky-section-no wpr-equal-height-no\" data-id=\"5b6a638\" data-element_type=\"section\" data-e-type=\"section\" data-settings=\"{&quot;background_background&quot;:&quot;classic&quot;,&quot;shape_divider_bottom&quot;:&quot;tilt&quot;}\">\n\t\t\t\t\t\t\t<div class=\"elementor-background-overlay\"><\/div>\n\t\t\t\t\t\t<div class=\"elementor-shape elementor-shape-bottom\" aria-hidden=\"true\" data-negative=\"false\">\n\t\t\t<svg xmlns=\"http:\/\/www.w3.org\/2000\/svg\" viewBox=\"0 0 1000 100\" preserveAspectRatio=\"none\">\n\t<path class=\"elementor-shape-fill\" d=\"M0,6V0h1000v100L0,6z\"\/>\n<\/svg>\t\t<\/div>\n\t\t\t\t\t<div class=\"elementor-container elementor-column-gap-default\">\n\t\t\t\t\t<div class=\"elementor-column elementor-col-100 elementor-top-column elementor-element elementor-element-f9cb586\" data-id=\"f9cb586\" data-element_type=\"column\" data-e-type=\"column\">\n\t\t\t<div class=\"elementor-widget-wrap elementor-element-populated\">\n\t\t\t\t\t\t<div class=\"elementor-element elementor-element-844fbc4 elementor-widget elementor-widget-heading\" data-id=\"844fbc4\" data-element_type=\"widget\" data-e-type=\"widget\" data-widget_type=\"heading.default\">\n\t\t\t\t<div class=\"elementor-widget-container\">\n\t\t\t\t\t<h2 class=\"elementor-heading-title elementor-size-default\">Velencei T\u00f3 webkamera<\/h2>\t\t\t\t<\/div>\n\t\t\t\t<\/div>\n\t\t\t\t\t<\/div>\n\t\t<\/div>\n\t\t\t\t\t<\/div>\n\t\t<\/section>\n\t\t\t\t<section class=\"elementor-section elementor-top-section elementor-element elementor-element-9c29d57 elementor-section-boxed elementor-section-height-default elementor-section-height-default wpr-particle-no wpr-jarallax-no wpr-parallax-no wpr-sticky-section-no wpr-equal-height-no\" data-id=\"9c29d57\" data-element_type=\"section\" data-e-type=\"section\">\n\t\t\t\t\t\t<div class=\"elementor-container elementor-column-gap-default\">\n\t\t\t\t\t<div class=\"elementor-column elementor-col-100 elementor-top-column elementor-element elementor-element-cffb68a\" data-id=\"cffb68a\" data-element_type=\"column\" data-e-type=\"column\">\n\t\t\t<div class=\"elementor-widget-wrap elementor-element-populated\">\n\t\t\t\t\t\t<div class=\"elementor-element elementor-element-c6043c3 elementor-widget elementor-widget-heading\" data-id=\"c6043c3\" data-element_type=\"widget\" data-e-type=\"widget\" data-widget_type=\"heading.default\">\n\t\t\t\t<div class=\"elementor-widget-container\">\n\t\t\t\t\t<h3 class=\"elementor-heading-title elementor-size-default\">Varsa Sz\u00f6rf Egyes\u00fclet - G\u00e1rdony, Holdf\u00e9ny s\u00e9t\u00e1ny - Crosswater vizisport k\u00f6lcs\u00f6nz\u0151<\/h3>\t\t\t\t<\/div>\n\t\t\t\t<\/div>\n\t\t\t\t<section class=\"elementor-section elementor-inner-section elementor-element elementor-element-e0fbda6 elementor-section-boxed elementor-section-height-default elementor-section-height-default wpr-particle-no wpr-jarallax-no wpr-parallax-no wpr-sticky-section-no wpr-equal-height-no\" data-id=\"e0fbda6\" data-element_type=\"section\" data-e-type=\"section\">\n\t\t\t\t\t\t<div class=\"elementor-container elementor-column-gap-default\">\n\t\t\t\t\t<div class=\"elementor-column elementor-col-33 elementor-inner-column elementor-element elementor-element-99f1726\" data-id=\"99f1726\" data-element_type=\"column\" data-e-type=\"column\">\n\t\t\t<div class=\"elementor-widget-wrap elementor-element-populated\">\n\t\t\t\t\t\t<div class=\"elementor-element elementor-element-0fde287 elementor-widget elementor-widget-image\" data-id=\"0fde287\" data-element_type=\"widget\" data-e-type=\"widget\" data-widget_type=\"image.default\">\n\t\t\t\t<div class=\"elementor-widget-container\">\n\t\t\t\t\t\t\t\t\t\t\t\t\t\t\t<img fetchpriority=\"high\" decoding=\"async\" width=\"960\" height=\"591\" src=\"https:\/\/www.ved-gat.hu\/wp-content\/uploads\/2021\/07\/webkamera-velencei-to.jpg\" class=\"attachment-large size-large wp-image-680\" alt=\"webkamera velencei t\u00f3\" srcset=\"https:\/\/www.ved-gat.hu\/wp-content\/uploads\/2021\/07\/webkamera-velencei-to.jpg 1002w, https:\/\/www.ved-gat.hu\/wp-content\/uploads\/2021\/07\/webkamera-velencei-to-300x185.jpg 300w, https:\/\/www.ved-gat.hu\/wp-content\/uploads\/2021\/07\/webkamera-velencei-to-768x473.jpg 768w\" sizes=\"(max-width: 960px) 100vw, 960px\" \/>\t\t\t\t\t\t\t\t\t\t\t\t\t\t\t<\/div>\n\t\t\t\t<\/div>\n\t\t\t\t\t<\/div>\n\t\t<\/div>\n\t\t\t\t<div class=\"elementor-column elementor-col-33 elementor-inner-column elementor-element elementor-element-5494614\" data-id=\"5494614\" data-element_type=\"column\" data-e-type=\"column\">\n\t\t\t<div class=\"elementor-widget-wrap elementor-element-populated\">\n\t\t\t\t\t\t<div class=\"elementor-element elementor-element-0ddb82f elementor-widget elementor-widget-text-editor\" data-id=\"0ddb82f\" data-element_type=\"widget\" data-e-type=\"widget\" data-widget_type=\"text-editor.default\">\n\t\t\t\t<div class=\"elementor-widget-container\">\n\t\t\t\t\t\t\t\t\t<p>Az al\u00e1bbi k\u00e9t webkamera Full HD min\u0151s\u00e9gben mutat folyamatos k\u00e9pet a Velencei t\u00f3 g\u00e1rdonyi r\u00e9sz\u00e9nek ter\u00fclet\u00e9r\u0151l. A Varsa Sz\u00f6rf Egyes\u00fclet \u00e1ltal \u00fczemeltetett velencei tavi webkamera minden sz\u00e9lsportokat kedvel\u0151 \u00e9rdekl\u0151d\u0151nek hasznos seg\u00edts\u00e9g.<\/p>\t\t\t\t\t\t\t\t<\/div>\n\t\t\t\t<\/div>\n\t\t\t\t<div class=\"elementor-element elementor-element-f0e68c6 elementor-widget elementor-widget-text-editor\" data-id=\"f0e68c6\" data-element_type=\"widget\" data-e-type=\"widget\" data-widget_type=\"text-editor.default\">\n\t\t\t\t<div class=\"elementor-widget-container\">\n\t\t\t\t\t\t\t\t\t<p>A kamera a Nautilus Hotel melletti r\u00e9gi Varsa hotel tetej\u00e9n helyezkedik el \u00e9s t\u00f6k\u00e9letes r\u00e1l\u00e1t\u00e1st enged a t\u00f3 legnagyobb \u00f6sszef\u00fcgg\u0151 v\u00edzfel\u00fclet\u00e9re. A t\u00f3 m\u00e1sik oldal\u00e1n P\u00e1kozd l\u00e1that\u00f3.<\/p>\t\t\t\t\t\t\t\t<\/div>\n\t\t\t\t<\/div>\n\t\t\t\t\t<\/div>\n\t\t<\/div>\n\t\t\t\t<div class=\"elementor-column elementor-col-33 elementor-inner-column elementor-element elementor-element-0df5c65\" data-id=\"0df5c65\" data-element_type=\"column\" data-e-type=\"column\">\n\t\t\t<div class=\"elementor-widget-wrap elementor-element-populated\">\n\t\t\t\t\t\t<div class=\"elementor-element elementor-element-7012ae7 elementor-widget__width-initial elementor-widget elementor-widget-html\" data-id=\"7012ae7\" data-element_type=\"widget\" data-e-type=\"widget\" data-widget_type=\"html.default\">\n\t\t\t\t<div class=\"elementor-widget-container\">\n\t\t\t\t\t<p><iframe style=\"position: absolute; opacity: 0.5;\" src=\"\/\/vip.idokep.hu\/mpszel\/index.php?i=21bc1576b0e376d1c919fbcdc74e08b1&amp;l=G%C3%A1rdony\" width=\"120\" height=\"200\" frameborder=\"0\" scrolling=\"no\"><\/iframe><\/p>\r\n\t\t\t\t<\/div>\n\t\t\t\t<\/div>\n\t\t\t\t\t<\/div>\n\t\t<\/div>\n\t\t\t\t\t<\/div>\n\t\t<\/section>\n\t\t\t\t\t<\/div>\n\t\t<\/div>\n\t\t\t\t\t<\/div>\n\t\t<\/section>\n\t\t\t\t<section class=\"elementor-section elementor-top-section elementor-element elementor-element-9d922be elementor-section-boxed elementor-section-height-default elementor-section-height-default wpr-particle-no wpr-jarallax-no wpr-parallax-no wpr-sticky-section-no wpr-equal-height-no\" data-id=\"9d922be\" data-element_type=\"section\" data-e-type=\"section\">\n\t\t\t\t\t\t<div class=\"elementor-container elementor-column-gap-default\">\n\t\t\t\t\t<div class=\"elementor-column elementor-col-100 elementor-top-column elementor-element elementor-element-e1e3365\" data-id=\"e1e3365\" data-element_type=\"column\" data-e-type=\"column\">\n\t\t\t<div class=\"elementor-widget-wrap elementor-element-populated\">\n\t\t\t\t\t\t<div class=\"elementor-element elementor-element-fd26c72 elementor-widget-divider--view-line elementor-widget elementor-widget-divider\" data-id=\"fd26c72\" data-element_type=\"widget\" data-e-type=\"widget\" data-widget_type=\"divider.default\">\n\t\t\t\t<div class=\"elementor-widget-container\">\n\t\t\t\t\t\t\t<div class=\"elementor-divider\">\n\t\t\t<span class=\"elementor-divider-separator\">\n\t\t\t\t\t\t<\/span>\n\t\t<\/div>\n\t\t\t\t\t\t<\/div>\n\t\t\t\t<\/div>\n\t\t\t\t<div class=\"elementor-element elementor-element-6f75467 elementor-widget elementor-widget-shortcode\" data-id=\"6f75467\" data-element_type=\"widget\" data-e-type=\"widget\" data-widget_type=\"shortcode.default\">\n\t\t\t\t<div class=\"elementor-widget-container\">\n\t\t\t\t\t\t\t<div class=\"elementor-shortcode\"><img decoding=\"async\" src=\"https:\/\/www.ved-gat.hu\/index.php\/hikvision-camera\/gardony\" alt=\"Kamera k\u00e9p\" class=\"\" style=\"max-width:100%;height:auto;\"><\/div>\n\t\t\t\t\t\t<\/div>\n\t\t\t\t<\/div>\n\t\t\t\t<div class=\"elementor-element elementor-element-40116e8 elementor-widget__width-initial elementor-hidden-desktop elementor-hidden-tablet elementor-hidden-mobile elementor-widget elementor-widget-html\" data-id=\"40116e8\" data-element_type=\"widget\" data-e-type=\"widget\" data-widget_type=\"html.default\">\n\t\t\t\t<div class=\"elementor-widget-container\">\n\t\t\t\t\t<p><iframe src=\"https:\/\/rtsp.me\/embed\/kS3kszDT\/\" width=\"640\" height=\"480\" frameborder=\"0\" allowfullscreen=\"allowfullscreen\"><\/iframe><\/p>\t\t\t\t<\/div>\n\t\t\t\t<\/div>\n\t\t\t\t\t<\/div>\n\t\t<\/div>\n\t\t\t\t\t<\/div>\n\t\t<\/section>\n\t\t\t\t<\/div>\n\t\t","protected":false},"excerpt":{"rendered":"<p>Velencei T\u00f3 webkamera Varsa Sz\u00f6rf Egyes\u00fclet &#8211; G\u00e1rdony, Holdf\u00e9ny s\u00e9t\u00e1ny &#8211; Crosswater vizisport k\u00f6lcs\u00f6nz\u0151 Az al\u00e1bbi k\u00e9t webkamera Full HD min\u0151s\u00e9gben mutat folyamatos k\u00e9pet a Velencei t\u00f3 g\u00e1rdonyi r\u00e9sz\u00e9nek ter\u00fclet\u00e9r\u0151l. A Varsa Sz\u00f6rf Egyes\u00fclet \u00e1ltal \u00fczemeltetett velencei tavi webkamera minden sz\u00e9lsportokat kedvel\u0151 \u00e9rdekl\u0151d\u0151nek hasznos seg\u00edts\u00e9g. A kamera a Nautilus Hotel melletti r\u00e9gi Varsa hotel tetej\u00e9n helyezkedik el \u00e9s t\u00f6k\u00e9letes r\u00e1l\u00e1t\u00e1st enged a t\u00f3 legnagyobb \u00f6sszef\u00fcgg\u0151 v\u00edzfel\u00fclet\u00e9re. A t\u00f3 m\u00e1sik oldal\u00e1n P\u00e1kozd l\u00e1that\u00f3.<\/p>\n","protected":false},"author":2,"featured_media":0,"parent":0,"menu_order":0,"comment_status":"closed","ping_status":"closed","template":"elementor_canvas","meta":{"footnotes":""},"class_list":["post-672","page","type-page","status-publish","hentry"],"_links":{"self":[{"href":"https:\/\/www.ved-gat.hu\/index.php\/wp-json\/wp\/v2\/pages\/672","targetHints":{"allow":["GET"]}}],"collection":[{"href":"https:\/\/www.ved-gat.hu\/index.php\/wp-json\/wp\/v2\/pages"}],"about":[{"href":"https:\/\/www.ved-gat.hu\/index.php\/wp-json\/wp\/v2\/types\/page"}],"author":[{"embeddable":true,"href":"https:\/\/www.ved-gat.hu\/index.php\/wp-json\/wp\/v2\/users\/2"}],"replies":[{"embeddable":true,"href":"https:\/\/www.ved-gat.hu\/index.php\/wp-json\/wp\/v2\/comments?post=672"}],"version-history":[{"count":82,"href":"https:\/\/www.ved-gat.hu\/index.php\/wp-json\/wp\/v2\/pages\/672\/revisions"}],"predecessor-version":[{"id":1561,"href":"https:\/\/www.ved-gat.hu\/index.php\/wp-json\/wp\/v2\/pages\/672\/revisions\/1561"}],"wp:attachment":[{"href":"https:\/\/www.ved-gat.hu\/index.php\/wp-json\/wp\/v2\/media?parent=672"}],"curies":[{"name":"wp","href":"https:\/\/api.w.org\/{rel}","templated":true}]}}