{"id":66,"date":"2018-11-01T12:44:08","date_gmt":"2018-11-01T12:44:08","guid":{"rendered":"http:\/\/www.ved-gat.hu\/?page_id=66"},"modified":"2025-01-15T13:13:56","modified_gmt":"2025-01-15T12:13:56","slug":"cegunkrol","status":"publish","type":"page","link":"https:\/\/www.ved-gat.hu\/index.php\/cegunkrol\/","title":{"rendered":"C\u00e9g\u00fcnkr\u0151l"},"content":{"rendered":"\t\t<div data-elementor-type=\"wp-page\" data-elementor-id=\"66\" class=\"elementor elementor-66\">\n\t\t\t\t\t\t<section class=\"elementor-section elementor-top-section elementor-element elementor-element-6ce73ed elementor-section-height-min-height elementor-section-boxed elementor-section-height-default elementor-section-items-middle wpr-particle-no wpr-jarallax-no wpr-parallax-no wpr-sticky-section-no wpr-equal-height-no\" data-id=\"6ce73ed\" data-element_type=\"section\" data-e-type=\"section\" data-settings=\"{&quot;background_background&quot;:&quot;classic&quot;,&quot;shape_divider_bottom&quot;:&quot;tilt&quot;}\">\n\t\t\t\t\t\t\t<div class=\"elementor-background-overlay\"><\/div>\n\t\t\t\t\t\t<div class=\"elementor-shape elementor-shape-bottom\" aria-hidden=\"true\" data-negative=\"false\">\n\t\t\t<svg xmlns=\"http:\/\/www.w3.org\/2000\/svg\" viewBox=\"0 0 1000 100\" preserveAspectRatio=\"none\">\n\t<path class=\"elementor-shape-fill\" d=\"M0,6V0h1000v100L0,6z\"\/>\n<\/svg>\t\t<\/div>\n\t\t\t\t\t<div class=\"elementor-container elementor-column-gap-default\">\n\t\t\t\t\t<div class=\"elementor-column elementor-col-100 elementor-top-column elementor-element elementor-element-3faac38\" data-id=\"3faac38\" data-element_type=\"column\" data-e-type=\"column\">\n\t\t\t<div class=\"elementor-widget-wrap elementor-element-populated\">\n\t\t\t\t\t\t<div class=\"elementor-element elementor-element-7342bc4 elementor-widget elementor-widget-heading\" data-id=\"7342bc4\" data-element_type=\"widget\" data-e-type=\"widget\" data-widget_type=\"heading.default\">\n\t\t\t\t<div class=\"elementor-widget-container\">\n\t\t\t\t\t<h2 class=\"elementor-heading-title elementor-size-default\">C\u00e9g\u00fcnkr\u0151l<\/h2>\t\t\t\t<\/div>\n\t\t\t\t<\/div>\n\t\t\t\t\t<\/div>\n\t\t<\/div>\n\t\t\t\t\t<\/div>\n\t\t<\/section>\n\t\t\t\t<section class=\"elementor-section elementor-top-section elementor-element elementor-element-307e0455 elementor-section-boxed elementor-section-height-default elementor-section-height-default wpr-particle-no wpr-jarallax-no wpr-parallax-no wpr-sticky-section-no wpr-equal-height-no\" data-id=\"307e0455\" data-element_type=\"section\" data-e-type=\"section\">\n\t\t\t\t\t\t<div class=\"elementor-container elementor-column-gap-default\">\n\t\t\t\t\t<div class=\"elementor-column elementor-col-100 elementor-top-column elementor-element elementor-element-6bf3a7af\" data-id=\"6bf3a7af\" data-element_type=\"column\" data-e-type=\"column\">\n\t\t\t<div class=\"elementor-widget-wrap elementor-element-populated\">\n\t\t\t\t\t\t<div class=\"elementor-element elementor-element-4d3ede6c elementor-widget elementor-widget-text-editor\" data-id=\"4d3ede6c\" data-element_type=\"widget\" data-e-type=\"widget\" data-widget_type=\"text-editor.default\">\n\t\t\t\t<div class=\"elementor-widget-container\">\n\t\t\t\t\t\t\t\t\t<p><\/p>\n<p>C\u00e9g\u00fcnk 2003 \u00f3ta a R\u00e1ckevei Rend\u0151rkapit\u00e1nys\u00e1ggal, \u00e9s a helyi polg\u00e1r\u0151r csoportokkal egy\u00fcttm\u0171k\u00f6dve k\u00f6z\u00f6s er\u0151vel igyekszik jav\u00edtani a t\u00e9rs\u00e9g k\u00f6zbiztons\u00e1g\u00e1t. Egy\u00fcttm\u0171k\u00f6d\u00e9si szerz\u0151d\u00e9s\u00fcnk van a helyi B\u0171nmegel\u0151z\u00e9si szervvel, \u00edgy sz\u00fcks\u00e9g eset\u00e9n azonnal ig\u00e9nybe tudjuk venni a rend\u0151rs\u00e9g seg\u00edts\u00e9g\u00e9t.Tapasztalatunk \u00e9s a statisztik\u00e1k szerint a riaszt\u00f3berendez\u00e9ssel \u00e9s t\u00e1vfel\u00fcgyeleti rendszerrel v\u00e9dett lak\u00e1sokba, nyaral\u00f3kba a bet\u00f6r\u00e9s val\u00f3sz\u00edn\u0171s\u00e9ge kisebb mint a v\u00e9delem n\u00e9lk\u00fcliekbe. A V\u00e9d-G\u00e1t Kft teljesk\u00f6r\u0171 vagyonv\u00e9delemmel foglalkozik, nagy szakmai tapasztalattal, t\u00f6bb \u00e9ve sikeresen m\u0171k\u00f6d\u0151, orsz\u00e1gos \u00fcgyf\u00e9lh\u00e1l\u00f3zattal rendelkez\u0151 szolg\u00e1ltat\u00f3 vagyunk. C\u00e9g\u00fcnk nem csak elektronikus riaszt\u00f3rendszerek ki\u00e9p\u00edt\u00e9s\u00e9vel \u00e9s fel\u00fcgyelet\u00e9vel foglalkozik, hanem kamer\u00e1s megfigyel\u0151k, kaputelefonok, t\u00e9rfigyel\u0151-, t\u0171zjelz\u0151-, bel\u00e9ptet\u0151 \u00e9s munkaid\u0151 nyilv\u00e1ntart\u00f3 rendszerek teljes k\u00f6r\u0171 tervez\u00e9s\u00e9vel, kivitelez\u00e9s\u00e9vel \u00e9s karbantart\u00e1s\u00e1val is.Hibaelh\u00e1r\u00edt\u00e1ssal, karbantart\u00e1ssal, a nap 24 \u00f3r\u00e1j\u00e1ban \u00e1llunk Partnereink rendelkez\u00e9s\u00e9re, mellyel biztos\u00edtjuk, v\u00e9delmi rendszereink hossz\u00fa t\u00e1v\u00fa \u00e9s hibamentes m\u0171k\u00f6d\u00e9s\u00e9t. &nbsp;Rakt\u00e1runkr\u00f3l biztos\u00edtani tudjuk a szervizhez sz\u00fcks\u00e9ges eszk\u00f6z\u00f6ket. Az \u00e1ltalunk tervezett \u00e9s kivitelezett rendszerek csak min\u0151s\u00e9gi eszk\u00f6z\u00f6ket tartalmaznak. Az \u00e9vek sor\u00e1n folyamatosan b\u0151v\u00fcl\u0151 \u00fcgyf\u00e9lk\u00f6r\u00fcnkh\u00f6z a saj\u00e1t m\u0171k\u00f6d\u00e9si ter\u00fclet\u00fcnk\u00f6n a c\u00e9g\u00fcnk saj\u00e1t j\u00e1r\u0151rszolg\u00e1lat\u00e1val, m\u00edg az orsz\u00e1g t\u00f6bbi r\u00e9szein szerz\u0151d\u00f6tt partnereinkkel biztos\u00edtjuk a megfelel\u0151 sz\u00ednvonal\u00fa v\u00e9delmet. Szem\u00e9lyi \u00e1llom\u00e1nyunkat rendszeres elm\u00e9leti \u00e9s gyakorlati tov\u00e1bbk\u00e9pz\u00e9sben r\u00e9szes\u00edtj\u00fck. Munkahely\u00fcnk\u00f6n a munka magas szint\u0171 szakmai ell\u00e1t\u00e1s\u00e1t, a megb\u00edz\u00f3 \u00e9rdekeinek \u00e9rv\u00e9nyes\u00edt\u00e9s\u00e9t \u00e9s az \u00e1ltala megfogalmazott speci\u00e1lis k\u00f6vetelm\u00e9nyek teljes\u00edt\u00e9s\u00e9t tartjuk legfontosabb feladatunknak. A be\u00e9rkez\u0151 jelz\u00e9seket sz\u00e1m\u00edt\u00f3g\u00e9p r\u00f6gz\u00edti. A diszp\u00e9cser\u00fcnk pontos utas\u00edt\u00e1sai alapj\u00e1n j\u00e1r\u0151reink a riaszt\u00e1s ut\u00e1n n\u00e9h\u00e1ny percen bel\u00fcl a helysz\u00ednre \u00e9rkeznek. J\u00e1r\u0151r p\u00e1ros egy biztons\u00e1gi \u0151r \u00e9s egy szabadid\u0151s rend\u0151rb\u0151l \u00e1ll. J\u00e1r\u0151reink a riaszt\u00e1s helysz\u00edn\u00e9n a jegyz\u0151k\u00f6nyvet k\u00e9sz\u00edtenek az esem\u00e9nyr\u0151l.A bej\u00f6v\u0151 jelz\u00e9seket telefonvonalon, gprs-en vagy a NMHH \u00e1ltal enged\u00e9lyezett r\u00e1di\u00f3val, saj\u00e1t frekvenci\u00e1nkon tudjuk fogadni. Bet\u00f6r\u00e9s eset\u00e9n az \u0151reink biztos\u00edtj\u00e1k a helysz\u00ednt a tulajdonos illetve az illet\u00e9kes hat\u00f3s\u00e1g ki\u00e9rkez\u00e9s\u00e9ig. C\u00e9lunk \u00fcgyfeleink biztons\u00e1g \u00e9rzet\u00e9nek, \u00e9s nyugalm\u00e1nak n\u00f6vel\u00e9se. Ez\u00e9rt pr\u00f3b\u00e1lunk olyan szolg\u00e1ltat\u00e1st ny\u00fajtani, mely \u00fcgyfeleink ig\u00e9nyeinek \u00e9s lehet\u0151s\u00e9geinek a legjobban megfelel.<\/p>\n<p><\/p>\n<h4 class=\"wp-block-heading\">Szolg\u00e1ltat\u00e1saink:<\/h4>\n<p><\/p>\n<ul class=\"wp-block-list\">\n<li>T\u00e1vfel\u00fcgyeleti szolg\u00e1ltat\u00e1s a nap 24 \u00f3r\u00e1j\u00e1ban, mely az al\u00e1bbiak szerint lehets\u00e9ges: telefonos-\u00e9s saj\u00e1t frekvenci\u00e1n \u00fczemel\u0151 r\u00e1di\u00f3s h\u00e1l\u00f3zattal, GSM\/GPRS kommunik\u00e1torral,<\/li>\n<li>24 \u00f3r\u00e1s kivonul\u00f3 j\u00e1r\u0151rszolg\u00e1lat,<\/li>\n<li>T\u0171z- \u00e9s riaszt\u00f3rendszerek t\u00e1vfel\u00fcgyelete<\/li>\n<li>Bel\u00e9ptet\u0151 \u00e9s munkaid\u0151 nyilv\u00e1ntart\u00f3k,<\/li>\n<li>M\u0171szaki berendez\u00e9sek, kaz\u00e1nok fel\u00fcgyelete<\/li>\n<li>Teljes k\u00f6r\u0171 t\u0171zjelz\u0151 rendszerek ki\u00e9p\u00edt\u00e9se f\u00fcst\u00e9rz\u00e9kel\u0151kkel, CO \u00e9s g\u00e1z \u00e9rz\u00e9kel\u0151vel<\/li>\n<li>Komplett\/vezet\u00e9kes \u00e9s vezet\u00e9k n\u00e9lk\u00fcli\/kamera rendszer felszerel\u00e9se, digit\u00e1lis adathordoz\u00f3ra val\u00f3 ment\u00e9si lehet\u0151s\u00e9ggel, \u00e9s t\u00e1voli hozz\u00e1f\u00e9r\u00e9ssel,<\/li>\n<li>T\u00e9rfigyel\u0151 kamer\u00e1k felszerel\u00e9se, ki\u00e9p\u00edt\u00e9se<\/li>\n<li>\u00c9l\u0151er\u0151s telephely\u0151rz\u00e9s \/kuty\u00e1val, fegyverrel\/,<\/li>\n<li>Rendezv\u00e9nyek helysz\u00edni biztos\u00edt\u00e1sa<\/li>\n<li>Ingyenes kock\u00e1zat elemz\u00e9s, \u00e9s biztons\u00e1gtechnikai szaktan\u00e1csad\u00e1s<\/li>\n<\/ul>\n<p><\/p>\n<p class=\"has-small-font-size\">Amennyiben felkeltett\u00fck \u00e9rdekl\u0151d\u00e9s\u00e9t, a &#8222;kapcsolat&#8221; men\u00fcpont alatt tal\u00e1lhat\u00f3 telefonsz\u00e1mokon illetve e-mail c\u00edm\u00fcnk\u00f6n tov\u00e1bbi felvil\u00e1gos\u00edt\u00e1st adunk.<\/p>\n<p><\/p>\n<h6 class=\"has-text-align-right wp-block-heading\"><em>De\u00e1k K\u00e1lm\u00e1n, \u00fcgyvezet\u0151<\/em><\/h6>\n<p><\/p>\t\t\t\t\t\t\t\t<\/div>\n\t\t\t\t<\/div>\n\t\t\t\t\t<\/div>\n\t\t<\/div>\n\t\t\t\t\t<\/div>\n\t\t<\/section>\n\t\t\t\t<\/div>\n\t\t","protected":false},"excerpt":{"rendered":"<p>C\u00e9g\u00fcnkr\u0151l C\u00e9g\u00fcnk 2003 \u00f3ta a R\u00e1ckevei Rend\u0151rkapit\u00e1nys\u00e1ggal, \u00e9s a helyi polg\u00e1r\u0151r csoportokkal egy\u00fcttm\u0171k\u00f6dve k\u00f6z\u00f6s er\u0151vel igyekszik jav\u00edtani a t\u00e9rs\u00e9g k\u00f6zbiztons\u00e1g\u00e1t. Egy\u00fcttm\u0171k\u00f6d\u00e9si szerz\u0151d\u00e9s\u00fcnk van a helyi B\u0171nmegel\u0151z\u00e9si szervvel, \u00edgy sz\u00fcks\u00e9g eset\u00e9n azonnal ig\u00e9nybe tudjuk venni a rend\u0151rs\u00e9g seg\u00edts\u00e9g\u00e9t.Tapasztalatunk \u00e9s a statisztik\u00e1k szerint a riaszt\u00f3berendez\u00e9ssel \u00e9s t\u00e1vfel\u00fcgyeleti rendszerrel v\u00e9dett lak\u00e1sokba, nyaral\u00f3kba a bet\u00f6r\u00e9s val\u00f3sz\u00edn\u0171s\u00e9ge kisebb mint a v\u00e9delem n\u00e9lk\u00fcliekbe. A V\u00e9d-G\u00e1t Kft teljesk\u00f6r\u0171 vagyonv\u00e9delemmel foglalkozik, nagy szakmai tapasztalattal, t\u00f6bb \u00e9ve sikeresen m\u0171k\u00f6d\u0151, orsz\u00e1gos \u00fcgyf\u00e9lh\u00e1l\u00f3zattal rendelkez\u0151 szolg\u00e1ltat\u00f3 vagyunk. C\u00e9g\u00fcnk nem csak elektronikus riaszt\u00f3rendszerek ki\u00e9p\u00edt\u00e9s\u00e9vel \u00e9s fel\u00fcgyelet\u00e9vel foglalkozik, hanem kamer\u00e1s megfigyel\u0151k, kaputelefonok, t\u00e9rfigyel\u0151-, t\u0171zjelz\u0151-, bel\u00e9ptet\u0151 \u00e9s munkaid\u0151 nyilv\u00e1ntart\u00f3 rendszerek teljes k\u00f6r\u0171 tervez\u00e9s\u00e9vel, kivitelez\u00e9s\u00e9vel \u00e9s karbantart\u00e1s\u00e1val is.Hibaelh\u00e1r\u00edt\u00e1ssal, karbantart\u00e1ssal, a nap 24 \u00f3r\u00e1j\u00e1ban \u00e1llunk Partnereink rendelkez\u00e9s\u00e9re, mellyel biztos\u00edtjuk, v\u00e9delmi rendszereink hossz\u00fa t\u00e1v\u00fa \u00e9s hibamentes m\u0171k\u00f6d\u00e9s\u00e9t. &nbsp;Rakt\u00e1runkr\u00f3l biztos\u00edtani tudjuk a szervizhez sz\u00fcks\u00e9ges eszk\u00f6z\u00f6ket. Az \u00e1ltalunk tervezett \u00e9s kivitelezett rendszerek csak min\u0151s\u00e9gi eszk\u00f6z\u00f6ket tartalmaznak. Az \u00e9vek sor\u00e1n folyamatosan b\u0151v\u00fcl\u0151 \u00fcgyf\u00e9lk\u00f6r\u00fcnkh\u00f6z a saj\u00e1t m\u0171k\u00f6d\u00e9si ter\u00fclet\u00fcnk\u00f6n a c\u00e9g\u00fcnk saj\u00e1t j\u00e1r\u0151rszolg\u00e1lat\u00e1val, m\u00edg az orsz\u00e1g t\u00f6bbi r\u00e9szein szerz\u0151d\u00f6tt partnereinkkel biztos\u00edtjuk a megfelel\u0151 sz\u00ednvonal\u00fa v\u00e9delmet. Szem\u00e9lyi \u00e1llom\u00e1nyunkat rendszeres elm\u00e9leti \u00e9s gyakorlati tov\u00e1bbk\u00e9pz\u00e9sben r\u00e9szes\u00edtj\u00fck. Munkahely\u00fcnk\u00f6n a munka magas szint\u0171 szakmai ell\u00e1t\u00e1s\u00e1t, a megb\u00edz\u00f3 \u00e9rdekeinek \u00e9rv\u00e9nyes\u00edt\u00e9s\u00e9t \u00e9s az \u00e1ltala megfogalmazott speci\u00e1lis k\u00f6vetelm\u00e9nyek teljes\u00edt\u00e9s\u00e9t tartjuk legfontosabb feladatunknak. A be\u00e9rkez\u0151 jelz\u00e9seket sz\u00e1m\u00edt\u00f3g\u00e9p r\u00f6gz\u00edti. A diszp\u00e9cser\u00fcnk pontos utas\u00edt\u00e1sai alapj\u00e1n j\u00e1r\u0151reink a riaszt\u00e1s ut\u00e1n n\u00e9h\u00e1ny percen bel\u00fcl a helysz\u00ednre \u00e9rkeznek. J\u00e1r\u0151r p\u00e1ros egy biztons\u00e1gi \u0151r \u00e9s egy szabadid\u0151s rend\u0151rb\u0151l \u00e1ll. J\u00e1r\u0151reink a riaszt\u00e1s helysz\u00edn\u00e9n a jegyz\u0151k\u00f6nyvet k\u00e9sz\u00edtenek az esem\u00e9nyr\u0151l.A bej\u00f6v\u0151 jelz\u00e9seket telefonvonalon, gprs-en vagy a NMHH \u00e1ltal enged\u00e9lyezett r\u00e1di\u00f3val, saj\u00e1t frekvenci\u00e1nkon tudjuk fogadni. Bet\u00f6r\u00e9s eset\u00e9n az \u0151reink biztos\u00edtj\u00e1k a helysz\u00ednt a tulajdonos illetve az illet\u00e9kes hat\u00f3s\u00e1g ki\u00e9rkez\u00e9s\u00e9ig. C\u00e9lunk \u00fcgyfeleink biztons\u00e1g \u00e9rzet\u00e9nek, \u00e9s nyugalm\u00e1nak n\u00f6vel\u00e9se. Ez\u00e9rt pr\u00f3b\u00e1lunk olyan szolg\u00e1ltat\u00e1st ny\u00fajtani, mely \u00fcgyfeleink ig\u00e9nyeinek \u00e9s lehet\u0151s\u00e9geinek a legjobban megfelel. Szolg\u00e1ltat\u00e1saink: T\u00e1vfel\u00fcgyeleti szolg\u00e1ltat\u00e1s a nap 24 \u00f3r\u00e1j\u00e1ban, mely az al\u00e1bbiak szerint lehets\u00e9ges: telefonos-\u00e9s saj\u00e1t frekvenci\u00e1n \u00fczemel\u0151 r\u00e1di\u00f3s h\u00e1l\u00f3zattal, GSM\/GPRS kommunik\u00e1torral, 24 \u00f3r\u00e1s kivonul\u00f3 j\u00e1r\u0151rszolg\u00e1lat, T\u0171z- \u00e9s riaszt\u00f3rendszerek t\u00e1vfel\u00fcgyelete Bel\u00e9ptet\u0151 \u00e9s munkaid\u0151 nyilv\u00e1ntart\u00f3k, M\u0171szaki berendez\u00e9sek, kaz\u00e1nok fel\u00fcgyelete Teljes k\u00f6r\u0171 t\u0171zjelz\u0151 rendszerek ki\u00e9p\u00edt\u00e9se f\u00fcst\u00e9rz\u00e9kel\u0151kkel, CO \u00e9s g\u00e1z \u00e9rz\u00e9kel\u0151vel Komplett\/vezet\u00e9kes \u00e9s vezet\u00e9k n\u00e9lk\u00fcli\/kamera rendszer felszerel\u00e9se, digit\u00e1lis adathordoz\u00f3ra val\u00f3 ment\u00e9si lehet\u0151s\u00e9ggel, \u00e9s t\u00e1voli hozz\u00e1f\u00e9r\u00e9ssel, T\u00e9rfigyel\u0151 kamer\u00e1k felszerel\u00e9se, ki\u00e9p\u00edt\u00e9se \u00c9l\u0151er\u0151s telephely\u0151rz\u00e9s \/kuty\u00e1val, fegyverrel\/, Rendezv\u00e9nyek helysz\u00edni biztos\u00edt\u00e1sa Ingyenes kock\u00e1zat elemz\u00e9s, \u00e9s biztons\u00e1gtechnikai szaktan\u00e1csad\u00e1s Amennyiben felkeltett\u00fck \u00e9rdekl\u0151d\u00e9s\u00e9t, a &#8222;kapcsolat&#8221; men\u00fcpont alatt tal\u00e1lhat\u00f3 telefonsz\u00e1mokon illetve e-mail c\u00edm\u00fcnk\u00f6n tov\u00e1bbi felvil\u00e1gos\u00edt\u00e1st adunk. De\u00e1k K\u00e1lm\u00e1n, \u00fcgyvezet\u0151<\/p>\n","protected":false},"author":1,"featured_media":0,"parent":0,"menu_order":0,"comment_status":"closed","ping_status":"closed","template":"","meta":{"footnotes":""},"class_list":["post-66","page","type-page","status-publish","hentry"],"_links":{"self":[{"href":"https:\/\/www.ved-gat.hu\/index.php\/wp-json\/wp\/v2\/pages\/66","targetHints":{"allow":["GET"]}}],"collection":[{"href":"https:\/\/www.ved-gat.hu\/index.php\/wp-json\/wp\/v2\/pages"}],"about":[{"href":"https:\/\/www.ved-gat.hu\/index.php\/wp-json\/wp\/v2\/types\/page"}],"author":[{"embeddable":true,"href":"https:\/\/www.ved-gat.hu\/index.php\/wp-json\/wp\/v2\/users\/1"}],"replies":[{"embeddable":true,"href":"https:\/\/www.ved-gat.hu\/index.php\/wp-json\/wp\/v2\/comments?post=66"}],"version-history":[{"count":17,"href":"https:\/\/www.ved-gat.hu\/index.php\/wp-json\/wp\/v2\/pages\/66\/revisions"}],"predecessor-version":[{"id":1382,"href":"https:\/\/www.ved-gat.hu\/index.php\/wp-json\/wp\/v2\/pages\/66\/revisions\/1382"}],"wp:attachment":[{"href":"https:\/\/www.ved-gat.hu\/index.php\/wp-json\/wp\/v2\/media?parent=66"}],"curies":[{"name":"wp","href":"https:\/\/api.w.org\/{rel}","templated":true}]}}