{"id":57,"date":"2018-11-01T12:16:02","date_gmt":"2018-11-01T12:16:02","guid":{"rendered":"http:\/\/www.ved-gat.hu\/?page_id=57"},"modified":"2022-10-26T12:54:58","modified_gmt":"2022-10-26T10:54:58","slug":"szolgaltatasaink","status":"publish","type":"page","link":"https:\/\/www.ved-gat.hu\/index.php\/szolgaltatasaink\/","title":{"rendered":"Szolg\u00e1ltat\u00e1saink"},"content":{"rendered":"\n<p>C\u00e9g\u00fcnk riaszt\u00f3 rendszerek t\u00e1vfel\u00fcgyelete ter\u00e9n ny\u00fajt szolg\u00e1ltat\u00e1st. <\/p>\n\n\n\n<p>0-24 \u00f3r\u00e1s diszp\u00e9cser szolg\u00e1lat. <\/p>\n\n\n\n<p>J\u00e1r\u0151reink a riaszt\u00e1st k\u00f6vet\u0151en, perceken bel\u00fcl a helysz\u00ednre sietnek.<\/p>\n\n\n\n<div>\n\n<div class=\"custom\">\n\t<h1 style=\"text-align: center;\">T\u00e1vfel\u00fcgyelet szolg\u00e1ltat\u00e1sok<\/h1>\n<div><a href=\"https:\/\/www.ved-gat.hu\/index.php\/riasztorendszerek-tavfelugyelete\/\"><img decoding=\"async\" src=\"https:\/\/www.ved-gat.hu\/wp-content\/uploads\/2021\/04\/jarorszolgalat.jpg\" alt=\"riaszt\u00f3 t\u00e1vfel\u00fcgyelet\" width=\"100px\" height=\"100px\" style=\"float: left; margin-right: 20px; margin-top:5px; border-radius: 20px; box-shadow: grey 0px 4px 5px 0px; display: block; margin-left: auto;\"><\/a><\/div>\n<p><a href=\"https:\/\/www.ved-gat.hu\/index.php\/riasztorendszerek-tavfelugyelete\/\">Riaszt\u00f3 t\u00e1vfel\u00fcgyelet &#8211; J\u00e1r\u0151rszolg\u00e1lat<\/a><\/p>\n<p>Nyaral\u00f3kban, lak\u00e1sokban, irod\u00e1kban, \u00fczlet helys\u00e9gekben \u00fczemel\u0151 riaszt\u00f3berendez\u00e9sek \u00e1ltal \u00e9rz\u00e9kelt \u00e9s fel\u00fcgyelet\u00fcnkre tov\u00e1bb\u00edtott jelek fogad\u00e1s\u00e1t, \u00e9s azokra val\u00f3 int\u00e9zked\u00e9s a nap 24 \u00f3r\u00e1j\u00e1ban. <a href=\"https:\/\/www.ved-gat.hu\/index.php\/riasztorendszerek-tavfelugyelete\/\">Tov\u00e1bb&#8230;<\/a><\/p>\n<br>\n<div><a href=\"https:\/\/www.ved-gat.hu\/index.php\/tuzjelzorendszerek-tavfelugyelete\/\"><img decoding=\"async\" src=\"https:\/\/www.ved-gat.hu\/wp-content\/uploads\/2021\/04\/tuzjelzo-tavfelugyelet.png\" alt=\"t\u0171zjelz\u0151 t\u00e1vfel\u00fcgyelet\" width=\"100px\" height=\"100px\" style=\"float: left; margin-right: 20px;margin-top:5px; border-radius: 20px; box-shadow: grey 0px 4px 5px 0px; display: block; margin-left: auto;\"><\/a><\/div>\n<p><a href=\"https:\/\/www.ved-gat.hu\/index.php\/tuzjelzorendszerek-tavfelugyelete\/\">T\u0171zjelz\u0151 rendszerek t\u00e1vfel\u00fcgyelete<\/a><\/p>\n<p>A t\u0171zjelz\u0151 rendszerek t\u00e1vfel\u00fcgyelet\u00e9t k\u00f6zvetlen\u00fcl a t\u0171zolt\u00f3s\u00e1gra tudjuk automatikusan bejeleztetni, akik k\u00fcl\u00f6n tudnak \u00e9rtes\u00fclni a t\u0171z esem\u00e9nyr\u0151l, vagy a rendszer hib\u00e1j\u00e1r\u00f3l. <a href=\"https:\/\/www.ved-gat.hu\/index.php\/tuzjelzorendszerek-tavfelugyelete\/\">Tov\u00e1bb&#8230;<\/a><\/p><\/div>\n<div><a href=\"https:\/\/www.ved-gat.hu\/index.php\/video-tavfelugyelet\/\"><img decoding=\"async\" src=\"https:\/\/www.ved-gat.hu\/wp-content\/uploads\/2021\/04\/video-tavfelugyelet.jpg\" alt=\"Ny\u00e1jimmunit\u00e1s szimul\u00e1ci\u00f3\" width=\"100px\" height=\"100px\" style=\"float: left; margin-right: 20px;margin-top:5px; border-radius: 20px; box-shadow: grey 0px 4px 5px 0px; display: block; margin-left: auto;\"><\/a><\/div>\n<p><a href=\"https:\/\/www.ved-gat.hu\/index.php\/video-tavfelugyelet\/\">Video t\u00e1vfel\u00fcgyelet<\/a><\/p>\n<p>A technika gyors fejl\u0151d\u00e9s\u00e9nek k\u00f6sz\u00f6nhet\u0151en, ma m\u00e1r el\u00e9rhet\u0151 egy olyan szolg\u00e1ltat\u00e1s, amellyel a vil\u00e1g b\u00e1rmely pontj\u00e1r\u00f3l megtekinthetj\u00fck otthonunkat, \u00fczlet\u00fcnket vagy ak\u00e1r telephely\u00fcnket is. <a href=\"https:\/\/www.ved-gat.hu\/index.php\/video-tavfelugyelet\/\">Tov\u00e1bb&#8230;<\/a><\/p><\/div>\n","protected":false},"excerpt":{"rendered":"<p>C\u00e9g\u00fcnk riaszt\u00f3 rendszerek t\u00e1vfel\u00fcgyelete ter\u00e9n ny\u00fajt szolg\u00e1ltat\u00e1st. 0-24 \u00f3r\u00e1s diszp\u00e9cser szolg\u00e1lat. J\u00e1r\u0151reink a riaszt\u00e1st k\u00f6vet\u0151en, perceken bel\u00fcl a helysz\u00ednre sietnek. T\u00e1vfel\u00fcgyelet szolg\u00e1ltat\u00e1sok Riaszt\u00f3 t\u00e1vfel\u00fcgyelet &#8211; J\u00e1r\u0151rszolg\u00e1lat Nyaral\u00f3kban, lak\u00e1sokban, irod\u00e1kban, \u00fczlet helys\u00e9gekben \u00fczemel\u0151 riaszt\u00f3berendez\u00e9sek \u00e1ltal \u00e9rz\u00e9kelt \u00e9s fel\u00fcgyelet\u00fcnkre tov\u00e1bb\u00edtott jelek fogad\u00e1s\u00e1t, \u00e9s azokra val\u00f3 int\u00e9zked\u00e9s a nap 24 \u00f3r\u00e1j\u00e1ban. Tov\u00e1bb&#8230; T\u0171zjelz\u0151 rendszerek t\u00e1vfel\u00fcgyelete A t\u0171zjelz\u0151 rendszerek t\u00e1vfel\u00fcgyelet\u00e9t k\u00f6zvetlen\u00fcl a t\u0171zolt\u00f3s\u00e1gra tudjuk automatikusan bejeleztetni, akik k\u00fcl\u00f6n tudnak \u00e9rtes\u00fclni a t\u0171z esem\u00e9nyr\u0151l, vagy a rendszer hib\u00e1j\u00e1r\u00f3l. Tov\u00e1bb&#8230; Video t\u00e1vfel\u00fcgyelet A technika gyors fejl\u0151d\u00e9s\u00e9nek k\u00f6sz\u00f6nhet\u0151en, ma m\u00e1r el\u00e9rhet\u0151 egy olyan szolg\u00e1ltat\u00e1s, amellyel a vil\u00e1g b\u00e1rmely pontj\u00e1r\u00f3l megtekinthetj\u00fck otthonunkat, \u00fczlet\u00fcnket vagy ak\u00e1r telephely\u00fcnket is. Tov\u00e1bb&#8230;<\/p>\n","protected":false},"author":1,"featured_media":0,"parent":0,"menu_order":0,"comment_status":"closed","ping_status":"closed","template":"","meta":{"footnotes":""},"class_list":["post-57","page","type-page","status-publish","hentry"],"_links":{"self":[{"href":"https:\/\/www.ved-gat.hu\/index.php\/wp-json\/wp\/v2\/pages\/57","targetHints":{"allow":["GET"]}}],"collection":[{"href":"https:\/\/www.ved-gat.hu\/index.php\/wp-json\/wp\/v2\/pages"}],"about":[{"href":"https:\/\/www.ved-gat.hu\/index.php\/wp-json\/wp\/v2\/types\/page"}],"author":[{"embeddable":true,"href":"https:\/\/www.ved-gat.hu\/index.php\/wp-json\/wp\/v2\/users\/1"}],"replies":[{"embeddable":true,"href":"https:\/\/www.ved-gat.hu\/index.php\/wp-json\/wp\/v2\/comments?post=57"}],"version-history":[{"count":6,"href":"https:\/\/www.ved-gat.hu\/index.php\/wp-json\/wp\/v2\/pages\/57\/revisions"}],"predecessor-version":[{"id":903,"href":"https:\/\/www.ved-gat.hu\/index.php\/wp-json\/wp\/v2\/pages\/57\/revisions\/903"}],"wp:attachment":[{"href":"https:\/\/www.ved-gat.hu\/index.php\/wp-json\/wp\/v2\/media?parent=57"}],"curies":[{"name":"wp","href":"https:\/\/api.w.org\/{rel}","templated":true}]}}