{"id":312,"date":"2019-11-05T15:49:22","date_gmt":"2019-11-05T15:49:22","guid":{"rendered":"http:\/\/www.ved-gat.hu\/?page_id=312"},"modified":"2024-02-26T09:41:28","modified_gmt":"2024-02-26T08:41:28","slug":"elerhetoseg","status":"publish","type":"page","link":"https:\/\/www.ved-gat.hu\/index.php\/elerhetoseg\/","title":{"rendered":"El\u00e9rhet\u0151s\u00e9g"},"content":{"rendered":"\n<p><strong>Diszp\u00e9cser szolg\u00e1lat:<\/strong>&nbsp;24 \u00f3r\u00e1s<\/p>\n\n\n\n<ul class=\"wp-block-list\">\n<li>Riaszt\u00e1s lemond\u00e1sa<br>+36 24 541 841<br>+36 70 331 9668<br>+36 70 378 4957<\/li>\n<\/ul>\n\n\n\n<ul class=\"wp-block-list\">\n<li>17:00 ut\u00e1n \u00e9s h\u00e9tv\u00e9g\u00e9n hibabejelent\u00e9s<\/li>\n<\/ul>\n\n\n\n<p><strong>Hibabejelent\u00e9s<\/strong>:<br>H-CS 8:00-16:00, P 8:00-14:00<br>+36 70 378 4954<br><a href=\"mailto:kapcsolat@ad2elektronika.hu\" target=\"_blank\" rel=\"noreferrer noopener\">kapcsolat@ad2elektronika.hu<\/a><\/p>\n\n\n\n<ul class=\"wp-block-list\">\n<li>Riaszt\u00f3val, kamerarendszerrel, t\u0171zjelz\u0151vel kapcsolatos hiba bejelent\u00e9se,id\u0151pont egyeztet\u00e9s<\/li>\n<\/ul>\n\n\n\n<p><strong>\u00dcgyf\u00e9lszolg\u00e1lat:<\/strong><br>H-CS 8:00-16:00, P 8:00-14:00<br>+36 24 423 498<br><a href=\"mailto:info@ved-gat.hu\" target=\"_blank\" rel=\"noreferrer noopener\">info@ved-gat.hu<\/a><\/p>\n\n\n\n<ul class=\"wp-block-list\">\n<li>Bek\u00f6t\u00e9s menet\u00e9r\u0151l val\u00f3 t\u00e1j\u00e9koztat\u00e1s<\/li>\n\n\n\n<li>Id\u0151pont egyeztet\u00e9s ingyenes helysz\u00edni felm\u00e9r\u00e9sr\u0151l<\/li>\n\n\n\n<li>D\u00edjakr\u00f3l val\u00f3 t\u00e1j\u00e9koztat\u00e1s<\/li>\n\n\n\n<li>Szerz\u0151d\u00e9s k\u00f6t\u00e9s<\/li>\n\n\n\n<li>Havid\u00edj befizet\u00e9se<\/li>\n\n\n\n<li>Sz\u00e1ml\u00e1z\u00e1ssal kapcsolatos k\u00e9rd\u00e9sek<\/li>\n<\/ul>\n","protected":false},"excerpt":{"rendered":"<p>Diszp\u00e9cser szolg\u00e1lat:&nbsp;24 \u00f3r\u00e1s Hibabejelent\u00e9s:H-CS 8:00-16:00, P 8:00-14:00+36 70 378 4954kapcsolat@ad2elektronika.hu \u00dcgyf\u00e9lszolg\u00e1lat:H-CS 8:00-16:00, P 8:00-14:00+36 24 423 498info@ved-gat.hu<\/p>\n","protected":false},"author":1,"featured_media":0,"parent":0,"menu_order":0,"comment_status":"closed","ping_status":"closed","template":"","meta":{"footnotes":""},"class_list":["post-312","page","type-page","status-publish","hentry"],"_links":{"self":[{"href":"https:\/\/www.ved-gat.hu\/index.php\/wp-json\/wp\/v2\/pages\/312","targetHints":{"allow":["GET"]}}],"collection":[{"href":"https:\/\/www.ved-gat.hu\/index.php\/wp-json\/wp\/v2\/pages"}],"about":[{"href":"https:\/\/www.ved-gat.hu\/index.php\/wp-json\/wp\/v2\/types\/page"}],"author":[{"embeddable":true,"href":"https:\/\/www.ved-gat.hu\/index.php\/wp-json\/wp\/v2\/users\/1"}],"replies":[{"embeddable":true,"href":"https:\/\/www.ved-gat.hu\/index.php\/wp-json\/wp\/v2\/comments?post=312"}],"version-history":[{"count":9,"href":"https:\/\/www.ved-gat.hu\/index.php\/wp-json\/wp\/v2\/pages\/312\/revisions"}],"predecessor-version":[{"id":1051,"href":"https:\/\/www.ved-gat.hu\/index.php\/wp-json\/wp\/v2\/pages\/312\/revisions\/1051"}],"wp:attachment":[{"href":"https:\/\/www.ved-gat.hu\/index.php\/wp-json\/wp\/v2\/media?parent=312"}],"curies":[{"name":"wp","href":"https:\/\/api.w.org\/{rel}","templated":true}]}}