{"id":295,"date":"2019-10-07T11:37:11","date_gmt":"2019-10-07T11:37:11","guid":{"rendered":"http:\/\/www.ved-gat.hu\/?page_id=295"},"modified":"2025-02-12T10:03:30","modified_gmt":"2025-02-12T09:03:30","slug":"tuzjelzorendszerek-tavfelugyelete","status":"publish","type":"page","link":"https:\/\/www.ved-gat.hu\/index.php\/tuzjelzorendszerek-tavfelugyelete\/","title":{"rendered":"T\u0171zjelz\u0151 rendszerek t\u00e1vfel\u00fcgyelete &#8211; Orsz\u00e1gos lefedetts\u00e9g."},"content":{"rendered":"\t\t<div data-elementor-type=\"wp-page\" data-elementor-id=\"295\" class=\"elementor elementor-295\">\n\t\t\t\t\t\t<section class=\"elementor-section elementor-top-section elementor-element elementor-element-be10881 elementor-section-height-min-height elementor-section-boxed elementor-section-height-default elementor-section-items-middle wpr-particle-no wpr-jarallax-no wpr-parallax-no wpr-sticky-section-no wpr-equal-height-no\" data-id=\"be10881\" data-element_type=\"section\" data-e-type=\"section\" data-settings=\"{&quot;background_background&quot;:&quot;classic&quot;,&quot;shape_divider_bottom&quot;:&quot;tilt&quot;}\">\n\t\t\t\t\t\t\t<div class=\"elementor-background-overlay\"><\/div>\n\t\t\t\t\t\t<div class=\"elementor-shape elementor-shape-bottom\" aria-hidden=\"true\" data-negative=\"false\">\n\t\t\t<svg xmlns=\"http:\/\/www.w3.org\/2000\/svg\" viewBox=\"0 0 1000 100\" preserveAspectRatio=\"none\">\n\t<path class=\"elementor-shape-fill\" d=\"M0,6V0h1000v100L0,6z\"\/>\n<\/svg>\t\t<\/div>\n\t\t\t\t\t<div class=\"elementor-container elementor-column-gap-default\">\n\t\t\t\t\t<div class=\"elementor-column elementor-col-100 elementor-top-column elementor-element elementor-element-5edfcc6\" data-id=\"5edfcc6\" data-element_type=\"column\" data-e-type=\"column\">\n\t\t\t<div class=\"elementor-widget-wrap elementor-element-populated\">\n\t\t\t\t\t\t<div class=\"elementor-element elementor-element-1fb405f elementor-widget elementor-widget-heading\" data-id=\"1fb405f\" data-element_type=\"widget\" data-e-type=\"widget\" data-widget_type=\"heading.default\">\n\t\t\t\t<div class=\"elementor-widget-container\">\n\t\t\t\t\t<h2 class=\"elementor-heading-title elementor-size-default\">T\u0171zjelz\u0151 t\u00e1vfel\u00fcgyelet<\/h2>\t\t\t\t<\/div>\n\t\t\t\t<\/div>\n\t\t\t\t\t<\/div>\n\t\t<\/div>\n\t\t\t\t\t<\/div>\n\t\t<\/section>\n\t\t\t\t<section class=\"elementor-section elementor-top-section elementor-element elementor-element-424e1d38 elementor-section-boxed elementor-section-height-default elementor-section-height-default wpr-particle-no wpr-jarallax-no wpr-parallax-no wpr-sticky-section-no wpr-equal-height-no\" data-id=\"424e1d38\" data-element_type=\"section\" data-e-type=\"section\">\n\t\t\t\t\t\t<div class=\"elementor-container elementor-column-gap-default\">\n\t\t\t\t\t<div class=\"elementor-column elementor-col-100 elementor-top-column elementor-element elementor-element-424730f3\" data-id=\"424730f3\" data-element_type=\"column\" data-e-type=\"column\">\n\t\t\t<div class=\"elementor-widget-wrap elementor-element-populated\">\n\t\t\t\t\t\t<div class=\"elementor-element elementor-element-46ccd540 elementor-widget elementor-widget-text-editor\" data-id=\"46ccd540\" data-element_type=\"widget\" data-e-type=\"widget\" data-widget_type=\"text-editor.default\">\n\t\t\t\t<div class=\"elementor-widget-container\">\n\t\t\t\t\t\t\t\t\t<p>Az Orsz\u00e1gos T\u0171zv\u00e9delmi Szab\u00e1lyzat el\u0151\u00edr\u00e1sai szerint, meghat\u00e1rozott param\u00e9terekkel rendelkez\u0151 objektumok eset\u00e9ben t\u0171z-t\u00e1vfel\u00fcgyeleti szolg\u00e1ltat\u00e1st kell alkalmazni. <a title=\"\" href=\"https:\/\/net.jogtar.hu\/jogszabaly?docid=a1400054.bm\">54\/2014. (XII. 5.) BM rendelet<\/a> az Orsz\u00e1gos T\u0171zv\u00e9delmi Szab\u00e1lyzat 156. \u00a7 (1) szerint az \u00e1lland\u00f3 fel\u00fcgyelet biztos\u00edt\u00e1sa mellett, a t\u0171zjelz\u00e9st automatikus \u00e1tjelz\u00e9ssel tov\u00e1bb\u00edtja az els\u0151 fok\u00fa t\u0171zv\u00e9delmi hat\u00f3s\u00e1g \u00e1ltal meghat\u00e1rozott, a katasztr\u00f3fav\u00e9delmi szerv \u00e1ltal fel\u00fcgyelt helyre. A szolg\u00e1ltat\u00e1si tev\u00e9kenys\u00e9g nyilv\u00e1ntart\u00e1si sz\u00e1ma: T3\/13\/2013<\/p>\n<p><!-- \/wp:paragraph --><!-- wp:heading {\"textColor\":\"black\",\"otterConditions\":[]} --><\/p>\n<h2>T\u0171zjelz\u0151 rendszerek t\u00e1vfel\u00fcgyelete<\/h2>\n<p><!-- \/wp:heading --><!-- wp:paragraph {\"textColor\":\"black\"} --><\/p>\n<p>A t\u0171zjelz\u0151 rendszerek jelz\u00e9s\u00e9t k\u00f6zvetlen\u00fcl a katasztr\u00f3fav\u00e9delemhez tudjuk automatikusan \u00e1tjeleztetni, akik a riaszt\u00e1s pillanat\u00e1ban azonnal tudnak \u00e9rtes\u00fclni a t\u0171z esem\u00e9nyr\u0151l.<\/p>\n<p style=\"margin-top: 0cm;\"><span style=\"font-size: 18.0pt; font-family: 'Segoe UI',sans-serif;\">A <a href=\"https:\/\/www.tell.hu\/OKF-Pajzs-rendszer\">PAJZS rendszer<\/a> seg\u00edts\u00e9g\u00e9vel a T\u0171zolt\u00f3k azonnal a helysz\u00ednre indulhatnak.<\/span><\/p>\n<p>\u00a0<\/p>\n<p style=\"margin-top: 0cm;\"><span style=\"font-size: 18.0pt; font-family: 'Segoe UI',sans-serif;\">A t\u0171zjelz\u0151 rendszerekr\u0151l \u00e9rkez\u0151 hib\u00e1kra 24 \u00f3r\u00e1s diszp\u00e9cser szolg\u00e1latunk\u00a0tud int\u00e9zkedni.<\/span><\/p>\n<p><!-- \/wp:paragraph --><!-- wp:image {\"id\":500,\"sizeSlug\":\"large\",\"linkDestination\":\"none\",\"className\":\"is-resized\",\"otterConditions\":[]} --><!-- \/wp:image --><!-- wp:paragraph {\"textColor\":\"black\",\"fontSize\":\"normal\"} --><\/p>\n<p>A jelz\u00e9sek tov\u00e1bb\u00edt\u00e1s\u00e1ra a legfejlettebb GPRS technol\u00f3gi\u00e1j\u00fa kommunik\u00e1tort haszn\u00e1lja t\u00e1rsas\u00e1gunk. Az \u00e1tviteli megold\u00e1sok k\u00f6z\u00fcl a kiemelt biztons\u00e1g\u00fa GPRS megold\u00e1sra vonatkoz\u00f3an c\u00e9g\u00fcnk rendelkezik a sz\u00fcks\u00e9ges t\u0171zv\u00e9delmi megfelel\u0151s\u00e9get al\u00e1t\u00e1maszt\u00f3 forgalomba hozatali enged\u00e9lyekkel.<\/p>\n<p>Fontos tudni, hogy a t\u0171zolt\u00f3s\u00e1g kivonul\u00e1si k\u00f6lts\u00e9ge igen magas, amely a szolg\u00e1ltat\u00e1s ig\u00e9nybe vev\u0151j\u00e9t terheli. Ez\u00e9rt t\u0171zriaszt\u00e1s eset\u00e9n m\u00e9g fontosabb, hogy id\u0151ben mondja le a t\u00e9ves riaszt\u00e1st.<\/p>\n<p>A t\u00e1vfel\u00fcgyeleti szerz\u0151d\u00e9st a katasztr\u00f3fav\u00e9delemmel, vagy egy megfelel\u0151 enged\u00e9lyekkel rendelkez\u0151 t\u00e1vfel\u00fcgyeleti c\u00e9ggel kell megk\u00f6tni, amelynek \u00fcgyint\u00e9z\u00e9s\u00e9ben seg\u00edt\u00fcnk \u00e9s egy speci\u00e1lisan t\u0171zjelz\u0151kh\u00f6z kifejlesztett kommunik\u00e1ci\u00f3s eszk\u00f6zt sz\u00fcks\u00e9ges a t\u0171zjelz\u0151 k\u00f6zponthoz illeszteni.<\/p>\n<div>\u00a0<\/div>\n<p><!-- \/wp:paragraph --><!-- wp:paragraph {\"textColor\":\"black\"} --><\/p>\n<p>T\u0171z t\u00e1vfel\u00fcgyelet szolg\u00e1ltat\u00e1s:<\/p>\n<p><!-- \/wp:paragraph --><!-- wp:list {\"textColor\":\"black\"} --><\/p>\n<ul>\n<li style=\"list-style-type: none;\">\n<ul><!-- wp:list-item --><\/ul>\n<\/li>\n<\/ul>\n<ul>\n<li style=\"list-style-type: none;\">\n<ul>\n<li>0-24 t\u00e1vfel\u00fcgyelet &#8211; diszp\u00e9cser szolg\u00e1lat<\/li>\n<li>Be\u00e9rkez\u0151 jelz\u00e9sek figyel\u00e9se \u00e9s a szerz\u0151d\u00e9sben meghat\u00e1rozott int\u00e9zked\u00e9s v\u00e9grehajt\u00e1sa<\/li>\n<\/ul>\n<\/li>\n<\/ul>\n<ul>\n<li style=\"list-style-type: none;\">\n<ul>\n<li>Orsz\u00e1gos lefedetts\u00e9g<\/li>\n<\/ul>\n<\/li>\n<\/ul>\n<p><!-- \/wp:paragraph --><!-- wp:paragraph --><\/p>\n<p><strong>Alkalmazott technol\u00f3gia<\/strong>:<\/p>\n<p><!-- \/wp:paragraph --><!-- wp:paragraph {\"fontSize\":\"medium\"} --><\/p>\n<p><strong>DUALCOM SIA IP<\/strong><\/p>\n<p><!-- \/wp:paragraph --><!-- wp:heading {\"level\":4,\"otterConditions\":[]} --><\/p>\n<h4>F\u0151bb jellemz\u0151k:<\/h4>\n<p><!-- \/wp:heading --><!-- wp:list --><\/p>\n<ul>\n<li style=\"list-style-type: none;\">\n<ul><!-- wp:list-item --><\/ul>\n<\/li>\n<\/ul>\n<ul>\n<li style=\"list-style-type: none;\">\n<ul>\n<li>Kontaktusvez\u00e9relt kommunik\u00e1tor<\/li>\n<\/ul>\n<\/li>\n<\/ul>\n<p><!-- \/wp:list-item --><!-- wp:list-item --><\/p>\n<ul>\n<li style=\"list-style-type: none;\">\n<ul>\n<li>GPRS kommunik\u00e1ci\u00f3<\/li>\n<\/ul>\n<\/li>\n<\/ul>\n<p><!-- \/wp:list-item --><!-- wp:list-item --><\/p>\n<ul>\n<li style=\"list-style-type: none;\">\n<ul>\n<li>SIA IP, TELLMon \u00e9s TEX protokoll<\/li>\n<\/ul>\n<\/li>\n<\/ul>\n<p><!-- \/wp:list-item --><!-- wp:list-item --><\/p>\n<ul>\n<li style=\"list-style-type: none;\">\n<ul>\n<li>K\u00e9t f\u00fcggetlen GSM modem p\u00e1rhuzamos haszn\u00e1lata<\/li>\n<\/ul>\n<\/li>\n<\/ul>\n<p><!-- \/wp:list-item --><!-- wp:list-item --><\/p>\n<ul>\n<li style=\"list-style-type: none;\">\n<ul>\n<li>K\u00f6zvetlen kommunik\u00e1ci\u00f3 a vev\u0151egys\u00e9ggel<\/li>\n<\/ul>\n<\/li>\n<\/ul>\n<p><!-- \/wp:list-item --><!-- wp:list-item --><\/p>\n<ul>\n<li style=\"list-style-type: none;\">\n<ul>\n<li>\u00c1tjelz\u00e9s maximum 4 IP-c\u00edmre, mely h\u00e1l\u00f3zatonk\u00e9nt<br \/>k\u00e9t els\u0151dleges IP-c\u00edmet jelent<\/li>\n<\/ul>\n<\/li>\n<\/ul>\n<p><!-- \/wp:list-item --><!-- wp:list-item --><\/p>\n<ul>\n<li style=\"list-style-type: none;\">\n<ul>\n<li>6+24 NO\/NC\/EOL kontaktusbemenet<\/li>\n<\/ul>\n<\/li>\n<\/ul>\n<p><!-- \/wp:list-item --><!-- wp:list-item --><\/p>\n<ul>\n<li style=\"list-style-type: none;\">\n<ul>\n<li>6 konfigur\u00e1lhat\u00f3 rel\u00e9kimenet<\/li>\n<\/ul>\n<\/li>\n<\/ul>\n<p><!-- \/wp:list-item --><!-- wp:list-item --><\/p>\n<ul>\n<li style=\"list-style-type: none;\">\n<ul>\n<li>Automatikus \u00e1tviteli \u00fat ellen\u0151rz\u00e9s be\u00e1ll\u00edthat\u00f3<br \/>tesztjelent\u00e9sk\u00fcld\u00e9s gyakoris\u00e1ggal<\/li>\n<\/ul>\n<\/li>\n<\/ul>\n<p><!-- \/wp:list-item --><!-- wp:list-item --><\/p>\n<ul>\n<li style=\"list-style-type: none;\">\n<ul>\n<li>T\u00e1mogatott oper\u00e1ci\u00f3s rendszer: Windows 10<\/li>\n<\/ul>\n<\/li>\n<\/ul>\n<p><!-- \/wp:list-item --><\/p>\n<p><!-- \/wp:list --><!-- wp:heading {\"level\":4,\"otterConditions\":[]} --><\/p>\n<h4><strong>Tulajdons\u00e1gok:<\/strong><\/h4>\n<p><!-- \/wp:heading --><!-- wp:list --><\/p>\n<ul>\n<li style=\"list-style-type: none;\">\n<ul><!-- wp:list-item --><\/ul>\n<\/li>\n<\/ul>\n<ul>\n<li style=\"list-style-type: none;\">\n<ul>\n<li>T\u0171zjelz\u0151 k\u00f6zpontok t\u00e1vfel\u00fcgyeleti kommunik\u00e1tora, amely a bemeneti kontaktusok jelz\u00e9seit SIA IP, TELLMon\u00a0vagy TEX form\u00e1tumra konvert\u00e1lja \u00e9s a mobil GPRS h\u00e1l\u00f3zaton l\u00e9trehozott IP csatorn\u00e1n tov\u00e1bb\u00edtja a t\u00e1vfel\u00fcgyeleti vev\u0151egys\u00e9gnek.<\/li>\n<\/ul>\n<\/li>\n<\/ul>\n<p><!-- \/wp:list-item --><!-- wp:list-item --><\/p>\n<ul>\n<li style=\"list-style-type: none;\">\n<ul>\n<li>B\u00e1rmilyen k\u00f6zponthoz haszn\u00e1lhat\u00f3, amely kontaktuskimenetekkel rendelkezik, vagy rel\u00e9 seg\u00edts\u00e9g\u00e9vel a kontaktuskimenet megoldhat\u00f3. A modul seg\u00edts\u00e9g\u00e9vel a bemeneti jelz\u00e9sek GPRS h\u00e1l\u00f3zaton kereszt\u00fcl jutnak el a t\u00e1vfel\u00fcgyelet IP vev\u0151egys\u00e9g\u00e9hez, ANSI\/SIA DC-09-2007 szabv\u00e1nynak megfelel\u0151 SIA IP protokoll, TELLMon, vagy TEX protokoll haszn\u00e1lat\u00e1val.<\/li>\n<\/ul>\n<\/li>\n<\/ul>\n<p><!-- \/wp:list-item --><!-- wp:list-item --><\/p>\n<ul>\n<li style=\"list-style-type: none;\">\n<ul>\n<li>Nincs sz\u00fcks\u00e9g k\u00f6zponti szerverre, csak egy v\u00e9gponti IP vev\u0151egys\u00e9gre internetkapcsolattal.<br \/>A modul\u00a0<strong>TEX-MVP<\/strong>,\u00a0<strong>TELLMon<\/strong>\u00e9s<strong>\u00a0SIA IP\u00a0<\/strong>kompatibilis\u00a0vev\u0151egys\u00e9gekkel m\u0171k\u00f6dik.<\/li>\n<\/ul>\n<\/li>\n<\/ul>\n<p><!-- \/wp:list-item --><!-- wp:list-item --><\/p>\n<ul>\n<li style=\"list-style-type: none;\">\n<ul>\n<li>Esem\u00e9nyek sz\u00e9tv\u00e1laszt\u00e1s\u00e1nak lehet\u0151s\u00e9ge (p\u00e9ld\u00e1ul riaszt\u00e1si esem\u00e9nyek k\u00fcld\u00e9se csak a riaszt\u00e1si t\u00e1vfel\u00fcgyeletre, m\u0171szaki esem\u00e9nyek k\u00fcld\u00e9se csak a m\u0171szaki t\u00e1vfel\u00fcgyeletre).<\/li>\n<\/ul>\n<\/li>\n<\/ul>\n<p><!-- \/wp:list-item --><!-- wp:list-item --><\/p>\n<ul>\n<li style=\"list-style-type: none;\">\n<ul>\n<li>A term\u00e9k a duplik\u00e1lt telefonmodul alkalmaz\u00e1s\u00e1val kiemelt biztons\u00e1gi szintet garant\u00e1l, ez\u00e9rt alkalmas nagy kock\u00e1zat\u00fa \u00e1tjelz\u00e9si feladatok ell\u00e1t\u00e1s\u00e1ra (pl. t\u0171zesem\u00e9ny \u00e1tjelz\u00e9se).<\/li>\n<\/ul>\n<\/li>\n<\/ul>\n<p><!-- \/wp:list-item --><\/p>\n<p><!-- \/wp:list --><!-- wp:heading {\"level\":4,\"otterConditions\":[]} --><\/p>\n<h4>Alkalmaz\u00e1si ter\u00fclet:<\/h4>\n<p><!-- \/wp:heading --><!-- wp:list --><\/p>\n<ul>\n<li style=\"list-style-type: none;\">\n<ul><!-- wp:list-item --><\/ul>\n<\/li>\n<\/ul>\n<ul>\n<li style=\"list-style-type: none;\">\n<ul>\n<li>T\u0171zjelz\u0151 k\u00f6zpontok IP-alap\u00fa kommunik\u00e1ci\u00f3s modulja<\/li>\n<\/ul>\n<\/li>\n<\/ul>\n<p><!-- \/wp:list-item --><\/p>\n<p><!-- \/wp:list --><!-- wp:paragraph --><\/p>\n<p><!-- \/wp:paragraph --><\/p>\t\t\t\t\t\t\t\t<\/div>\n\t\t\t\t<\/div>\n\t\t\t\t\t<\/div>\n\t\t<\/div>\n\t\t\t\t\t<\/div>\n\t\t<\/section>\n\t\t\t\t<\/div>\n\t\t","protected":false},"excerpt":{"rendered":"<p>T\u0171zjelz\u0151 t\u00e1vfel\u00fcgyelet Az Orsz\u00e1gos T\u0171zv\u00e9delmi Szab\u00e1lyzat el\u0151\u00edr\u00e1sai szerint, meghat\u00e1rozott param\u00e9terekkel rendelkez\u0151 objektumok eset\u00e9ben t\u0171z-t\u00e1vfel\u00fcgyeleti szolg\u00e1ltat\u00e1st kell alkalmazni. 54\/2014. (XII. 5.) BM rendelet az Orsz\u00e1gos T\u0171zv\u00e9delmi Szab\u00e1lyzat 156. \u00a7 (1) szerint az \u00e1lland\u00f3 fel\u00fcgyelet biztos\u00edt\u00e1sa mellett, a t\u0171zjelz\u00e9st automatikus \u00e1tjelz\u00e9ssel tov\u00e1bb\u00edtja az els\u0151 fok\u00fa t\u0171zv\u00e9delmi hat\u00f3s\u00e1g \u00e1ltal meghat\u00e1rozott, a katasztr\u00f3fav\u00e9delmi szerv \u00e1ltal fel\u00fcgyelt helyre. A szolg\u00e1ltat\u00e1si tev\u00e9kenys\u00e9g nyilv\u00e1ntart\u00e1si sz\u00e1ma: T3\/13\/2013 T\u0171zjelz\u0151 rendszerek t\u00e1vfel\u00fcgyelete A t\u0171zjelz\u0151 rendszerek jelz\u00e9s\u00e9t k\u00f6zvetlen\u00fcl a katasztr\u00f3fav\u00e9delemhez tudjuk automatikusan \u00e1tjeleztetni, akik a riaszt\u00e1s pillanat\u00e1ban azonnal tudnak \u00e9rtes\u00fclni a t\u0171z esem\u00e9nyr\u0151l. A PAJZS rendszer seg\u00edts\u00e9g\u00e9vel a T\u0171zolt\u00f3k azonnal a helysz\u00ednre indulhatnak. \u00a0 A t\u0171zjelz\u0151 rendszerekr\u0151l \u00e9rkez\u0151 hib\u00e1kra 24 \u00f3r\u00e1s diszp\u00e9cser szolg\u00e1latunk\u00a0tud int\u00e9zkedni. A jelz\u00e9sek tov\u00e1bb\u00edt\u00e1s\u00e1ra a legfejlettebb GPRS technol\u00f3gi\u00e1j\u00fa kommunik\u00e1tort haszn\u00e1lja t\u00e1rsas\u00e1gunk. Az \u00e1tviteli megold\u00e1sok k\u00f6z\u00fcl a kiemelt biztons\u00e1g\u00fa GPRS megold\u00e1sra vonatkoz\u00f3an c\u00e9g\u00fcnk rendelkezik a sz\u00fcks\u00e9ges t\u0171zv\u00e9delmi megfelel\u0151s\u00e9get al\u00e1t\u00e1maszt\u00f3 forgalomba hozatali enged\u00e9lyekkel. Fontos tudni, hogy a t\u0171zolt\u00f3s\u00e1g kivonul\u00e1si k\u00f6lts\u00e9ge igen magas, amely a szolg\u00e1ltat\u00e1s ig\u00e9nybe vev\u0151j\u00e9t terheli. Ez\u00e9rt t\u0171zriaszt\u00e1s eset\u00e9n m\u00e9g fontosabb, hogy id\u0151ben mondja le a t\u00e9ves riaszt\u00e1st. A t\u00e1vfel\u00fcgyeleti szerz\u0151d\u00e9st a katasztr\u00f3fav\u00e9delemmel, vagy egy megfelel\u0151 enged\u00e9lyekkel rendelkez\u0151 t\u00e1vfel\u00fcgyeleti c\u00e9ggel kell megk\u00f6tni, amelynek \u00fcgyint\u00e9z\u00e9s\u00e9ben seg\u00edt\u00fcnk \u00e9s egy speci\u00e1lisan t\u0171zjelz\u0151kh\u00f6z kifejlesztett kommunik\u00e1ci\u00f3s eszk\u00f6zt sz\u00fcks\u00e9ges a t\u0171zjelz\u0151 k\u00f6zponthoz illeszteni. \u00a0 T\u0171z t\u00e1vfel\u00fcgyelet szolg\u00e1ltat\u00e1s: 0-24 t\u00e1vfel\u00fcgyelet &#8211; diszp\u00e9cser szolg\u00e1lat Be\u00e9rkez\u0151 jelz\u00e9sek figyel\u00e9se \u00e9s a szerz\u0151d\u00e9sben meghat\u00e1rozott int\u00e9zked\u00e9s v\u00e9grehajt\u00e1sa Orsz\u00e1gos lefedetts\u00e9g Alkalmazott technol\u00f3gia: DUALCOM SIA IP F\u0151bb jellemz\u0151k: Kontaktusvez\u00e9relt kommunik\u00e1tor GPRS kommunik\u00e1ci\u00f3 SIA IP, TELLMon \u00e9s TEX protokoll K\u00e9t f\u00fcggetlen GSM modem p\u00e1rhuzamos haszn\u00e1lata K\u00f6zvetlen kommunik\u00e1ci\u00f3 a vev\u0151egys\u00e9ggel \u00c1tjelz\u00e9s maximum 4 IP-c\u00edmre, mely h\u00e1l\u00f3zatonk\u00e9ntk\u00e9t els\u0151dleges IP-c\u00edmet jelent 6+24 NO\/NC\/EOL kontaktusbemenet 6 konfigur\u00e1lhat\u00f3 rel\u00e9kimenet Automatikus \u00e1tviteli \u00fat ellen\u0151rz\u00e9s be\u00e1ll\u00edthat\u00f3tesztjelent\u00e9sk\u00fcld\u00e9s gyakoris\u00e1ggal T\u00e1mogatott oper\u00e1ci\u00f3s rendszer: Windows 10 Tulajdons\u00e1gok: T\u0171zjelz\u0151 k\u00f6zpontok t\u00e1vfel\u00fcgyeleti kommunik\u00e1tora, amely a bemeneti kontaktusok jelz\u00e9seit SIA IP, TELLMon\u00a0vagy TEX form\u00e1tumra konvert\u00e1lja \u00e9s a mobil GPRS h\u00e1l\u00f3zaton l\u00e9trehozott IP csatorn\u00e1n tov\u00e1bb\u00edtja a t\u00e1vfel\u00fcgyeleti vev\u0151egys\u00e9gnek. B\u00e1rmilyen k\u00f6zponthoz haszn\u00e1lhat\u00f3, amely kontaktuskimenetekkel rendelkezik, vagy rel\u00e9 seg\u00edts\u00e9g\u00e9vel a kontaktuskimenet megoldhat\u00f3. A modul seg\u00edts\u00e9g\u00e9vel a bemeneti jelz\u00e9sek GPRS h\u00e1l\u00f3zaton kereszt\u00fcl jutnak el a t\u00e1vfel\u00fcgyelet IP vev\u0151egys\u00e9g\u00e9hez, ANSI\/SIA DC-09-2007 szabv\u00e1nynak megfelel\u0151 SIA IP protokoll, TELLMon, vagy TEX protokoll haszn\u00e1lat\u00e1val. Nincs sz\u00fcks\u00e9g k\u00f6zponti szerverre, csak egy v\u00e9gponti IP vev\u0151egys\u00e9gre internetkapcsolattal.A modul\u00a0TEX-MVP,\u00a0TELLMon\u00e9s\u00a0SIA IP\u00a0kompatibilis\u00a0vev\u0151egys\u00e9gekkel m\u0171k\u00f6dik. Esem\u00e9nyek sz\u00e9tv\u00e1laszt\u00e1s\u00e1nak lehet\u0151s\u00e9ge (p\u00e9ld\u00e1ul riaszt\u00e1si esem\u00e9nyek k\u00fcld\u00e9se csak a riaszt\u00e1si t\u00e1vfel\u00fcgyeletre, m\u0171szaki esem\u00e9nyek k\u00fcld\u00e9se csak a m\u0171szaki t\u00e1vfel\u00fcgyeletre). A term\u00e9k a duplik\u00e1lt telefonmodul alkalmaz\u00e1s\u00e1val kiemelt biztons\u00e1gi szintet garant\u00e1l, ez\u00e9rt alkalmas nagy kock\u00e1zat\u00fa \u00e1tjelz\u00e9si feladatok ell\u00e1t\u00e1s\u00e1ra (pl. t\u0171zesem\u00e9ny \u00e1tjelz\u00e9se). Alkalmaz\u00e1si ter\u00fclet: T\u0171zjelz\u0151 k\u00f6zpontok IP-alap\u00fa kommunik\u00e1ci\u00f3s modulja<\/p>\n","protected":false},"author":1,"featured_media":0,"parent":0,"menu_order":0,"comment_status":"closed","ping_status":"closed","template":"","meta":{"footnotes":""},"class_list":["post-295","page","type-page","status-publish","hentry"],"_links":{"self":[{"href":"https:\/\/www.ved-gat.hu\/index.php\/wp-json\/wp\/v2\/pages\/295","targetHints":{"allow":["GET"]}}],"collection":[{"href":"https:\/\/www.ved-gat.hu\/index.php\/wp-json\/wp\/v2\/pages"}],"about":[{"href":"https:\/\/www.ved-gat.hu\/index.php\/wp-json\/wp\/v2\/types\/page"}],"author":[{"embeddable":true,"href":"https:\/\/www.ved-gat.hu\/index.php\/wp-json\/wp\/v2\/users\/1"}],"replies":[{"embeddable":true,"href":"https:\/\/www.ved-gat.hu\/index.php\/wp-json\/wp\/v2\/comments?post=295"}],"version-history":[{"count":41,"href":"https:\/\/www.ved-gat.hu\/index.php\/wp-json\/wp\/v2\/pages\/295\/revisions"}],"predecessor-version":[{"id":1420,"href":"https:\/\/www.ved-gat.hu\/index.php\/wp-json\/wp\/v2\/pages\/295\/revisions\/1420"}],"wp:attachment":[{"href":"https:\/\/www.ved-gat.hu\/index.php\/wp-json\/wp\/v2\/media?parent=295"}],"curies":[{"name":"wp","href":"https:\/\/api.w.org\/{rel}","templated":true}]}}