{"id":17,"date":"2018-10-31T13:06:37","date_gmt":"2018-10-31T13:06:37","guid":{"rendered":"http:\/\/www.ved-gat.hu\/?page_id=17"},"modified":"2025-01-15T13:20:08","modified_gmt":"2025-01-15T12:20:08","slug":"riasztorendszerek-tavfelugyelete","status":"publish","type":"page","link":"https:\/\/www.ved-gat.hu\/index.php\/riasztorendszerek-tavfelugyelete\/","title":{"rendered":"Riaszt\u00f3rendszerek T\u00e1vfel\u00fcgyelete"},"content":{"rendered":"\t\t<div data-elementor-type=\"wp-page\" data-elementor-id=\"17\" class=\"elementor elementor-17\">\n\t\t\t\t\t\t<section class=\"elementor-section elementor-top-section elementor-element elementor-element-707abd3 elementor-section-height-min-height elementor-section-boxed elementor-section-height-default elementor-section-items-middle wpr-particle-no wpr-jarallax-no wpr-parallax-no wpr-sticky-section-no wpr-equal-height-no\" data-id=\"707abd3\" data-element_type=\"section\" data-e-type=\"section\" data-settings=\"{&quot;background_background&quot;:&quot;classic&quot;,&quot;shape_divider_bottom&quot;:&quot;tilt&quot;}\">\n\t\t\t\t\t\t\t<div class=\"elementor-background-overlay\"><\/div>\n\t\t\t\t\t\t<div class=\"elementor-shape elementor-shape-bottom\" aria-hidden=\"true\" data-negative=\"false\">\n\t\t\t<svg xmlns=\"http:\/\/www.w3.org\/2000\/svg\" viewBox=\"0 0 1000 100\" preserveAspectRatio=\"none\">\n\t<path class=\"elementor-shape-fill\" d=\"M0,6V0h1000v100L0,6z\"\/>\n<\/svg>\t\t<\/div>\n\t\t\t\t\t<div class=\"elementor-container elementor-column-gap-default\">\n\t\t\t\t\t<div class=\"elementor-column elementor-col-100 elementor-top-column elementor-element elementor-element-2dfa071\" data-id=\"2dfa071\" data-element_type=\"column\" data-e-type=\"column\">\n\t\t\t<div class=\"elementor-widget-wrap elementor-element-populated\">\n\t\t\t\t\t\t<div class=\"elementor-element elementor-element-7862844 elementor-widget elementor-widget-heading\" data-id=\"7862844\" data-element_type=\"widget\" data-e-type=\"widget\" data-widget_type=\"heading.default\">\n\t\t\t\t<div class=\"elementor-widget-container\">\n\t\t\t\t\t<h2 class=\"elementor-heading-title elementor-size-default\">Riaszt\u00f3 t\u00e1vfel\u00fcgyelet<\/h2>\t\t\t\t<\/div>\n\t\t\t\t<\/div>\n\t\t\t\t\t<\/div>\n\t\t<\/div>\n\t\t\t\t\t<\/div>\n\t\t<\/section>\n\t\t\t\t<section class=\"elementor-section elementor-top-section elementor-element elementor-element-1fa470aa elementor-section-boxed elementor-section-height-default elementor-section-height-default wpr-particle-no wpr-jarallax-no wpr-parallax-no wpr-sticky-section-no wpr-equal-height-no\" data-id=\"1fa470aa\" data-element_type=\"section\" data-e-type=\"section\">\n\t\t\t\t\t\t<div class=\"elementor-container elementor-column-gap-default\">\n\t\t\t\t\t<div class=\"elementor-column elementor-col-100 elementor-top-column elementor-element elementor-element-1ad257dd\" data-id=\"1ad257dd\" data-element_type=\"column\" data-e-type=\"column\">\n\t\t\t<div class=\"elementor-widget-wrap elementor-element-populated\">\n\t\t\t\t\t\t<div class=\"elementor-element elementor-element-3f7f4a41 elementor-widget elementor-widget-text-editor\" data-id=\"3f7f4a41\" data-element_type=\"widget\" data-e-type=\"widget\" data-widget_type=\"text-editor.default\">\n\t\t\t\t<div class=\"elementor-widget-container\">\n\t\t\t\t\t\t\t\t\t\n<p>Nyaral\u00f3kban, lak\u00e1sokban, irod\u00e1kban, \u00fczlet helys\u00e9gekben, ipari objektumokban \u00fczemel\u0151 k\u00fcl \u00e9s belt\u00e9ri riaszt\u00f3berendez\u00e9sek \u00e1ltal \u00e9rz\u00e9kelt \u00e9s fel\u00fcgyelet\u00fcnkre tov\u00e1bb\u00edtott jelek fogad\u00e1s\u00e1t, \u00e9s azokra val\u00f3 int\u00e9zked\u00e9s a nap 24 \u00f3r\u00e1j\u00e1ban v\u00e1llaljuk.<\/p>\n\n<h4 class=\"wp-block-heading\">Riaszt\u00e1s jelz\u00e9sek:<\/h4>\n\n<ul class=\"wp-block-list\">\n<li>t\u00e1mad\u00e1s (p\u00e1nik, k\u00e9nyszer\u00edtett nyit\u00e1s) jelz\u00e9s (Ez esetben nincs lehet\u0151s\u00e9g a jelz\u00e9s lemond\u00e1s\u00e1ra, j\u00e1r\u0151r\u00fcnk azonnal a helysz\u00ednre siet, \u00e9s a rend\u0151rs\u00e9get is \u00e9rtes\u00edti.)<\/li>\n<li>bet\u00f6r\u00e9sjelz\u00e9s (Diszp\u00e9cser\u00fcnk azonos\u00edtja a behatol\u00e1s pontos hely\u00e9t \u00e9s idej\u00e9t. Ennek felt\u00e9tele, hogy minden \u00e9rz\u00e9kel\u0151 k\u00fcl\u00f6n z\u00f3n\u00e1ra kapcsol\u00f3djon a k\u00f6zpontban. A r\u00e9gebbi rendszerekn\u00e9l ez m\u00e9g nem lehets\u00e9ges, arr\u00f3l \u00f6sszes\u00edtett bet\u00f6r\u00e9sjelz\u00e9s \u00e9rkezik.)<\/li>\n<li>szabot\u00e1zsjelz\u00e9s (A riaszt\u00f3rendszer 24 \u00f3r\u00e1s \u00f6nv\u00e9delme, idegenkez\u0171s\u00e9g \u00e9s rong\u00e1l\u00e1s ellen.)<\/li>\n<li>t\u0171zjelz\u00e9s, CO jelz\u00e9s<\/li>\n<li>orvosi seg\u00e9lyk\u00e9r\u00e9s<\/li>\n<\/ul>\n\n<h4 class=\"wp-block-heading\">Technikai \u00e9s egy\u00e9b jelz\u00e9sek:<\/h4>\n\n<ul class=\"wp-block-list\">\n<li>\u00c1ramsz\u00fcnet (h\u00e1l\u00f3zat kimarad\u00e1s, AC hiba),<\/li>\n<li>Akkumul\u00e1tor mer\u00fcl\u00e9s<\/li>\n<li>Z\u00f3nahiba,<\/li>\n<li>T\u0171zhiba<\/li>\n<li>Kommunik\u00e1ci\u00f3s hiba,<\/li>\n<li>Elmaradt tesztjelz\u00e9s k\u00fcld\u00e9se kommunik\u00e1ci\u00f3s eszk\u00f6zr\u0151l (A rendszer id\u0151k\u00f6z\u00f6nk\u00e9nt tesztjelent\u00e9st k\u00fcld az \u00fcgyeletre, ezzel ellen\u0151rizve az \u00f6sszek\u00f6ttet\u00e9st az objektum \u00e9s az \u00fcgyeleti sz\u00e1m\u00edt\u00f3g\u00e9p k\u00f6z\u00f6tt.)<\/li>\n<\/ul>\n\n<ul class=\"wp-block-list\">\n<li>Z\u00e1r\u00e1s\/Nyit\u00e1s<\/li>\n<li>Tiltott nyit\u00e1s\/Elmaradt z\u00e1r\u00e1s<\/li>\n<li>R\u00e9szleges z\u00e1r\u00e1s\/nyit\u00e1s, \u00e9les\u00edt\u00e9s kiiktat\u00e1ssal<\/li>\n<\/ul>\n\n<p><em>Riaszt\u00f3rendszereink MABISZ enged\u00e9llyel rendelkeznek.<\/em><\/p>\n\n<p><strong>Kivonul\u00e1s el\u00e9rhet\u0151 szerz\u0151d\u00f6tt partnereink \u00e1ltal az orsz\u00e1g teljes ter\u00fclet\u00e9n.<\/strong><\/p>\n\n<p>\u00a0<\/p>\n\t\t\t\t\t\t\t\t<\/div>\n\t\t\t\t<\/div>\n\t\t\t\t\t<\/div>\n\t\t<\/div>\n\t\t\t\t\t<\/div>\n\t\t<\/section>\n\t\t\t\t<section class=\"elementor-section elementor-top-section elementor-element elementor-element-e53ba69 elementor-section-boxed elementor-section-height-default elementor-section-height-default wpr-particle-no wpr-jarallax-no wpr-parallax-no wpr-sticky-section-no wpr-equal-height-no\" data-id=\"e53ba69\" data-element_type=\"section\" data-e-type=\"section\">\n\t\t\t\t\t\t<div class=\"elementor-container elementor-column-gap-default\">\n\t\t\t\t\t<div class=\"elementor-column elementor-col-50 elementor-top-column elementor-element elementor-element-7f77cc9\" data-id=\"7f77cc9\" data-element_type=\"column\" data-e-type=\"column\">\n\t\t\t<div class=\"elementor-widget-wrap elementor-element-populated\">\n\t\t\t\t\t\t<div class=\"elementor-element elementor-element-cba7cc4 elementor-widget elementor-widget-heading\" data-id=\"cba7cc4\" data-element_type=\"widget\" data-e-type=\"widget\" data-widget_type=\"heading.default\">\n\t\t\t\t<div class=\"elementor-widget-container\">\n\t\t\t\t\t<h2 class=\"elementor-heading-title elementor-size-default\">D\u00edjaz\u00e1s<\/h2>\t\t\t\t<\/div>\n\t\t\t\t<\/div>\n\t\t\t\t<div class=\"elementor-element elementor-element-41e5b24 elementor-widget elementor-widget-text-editor\" data-id=\"41e5b24\" data-element_type=\"widget\" data-e-type=\"widget\" data-widget_type=\"text-editor.default\">\n\t\t\t\t<div class=\"elementor-widget-container\">\n\t\t\t\t\t\t\t\t\t<p>A t\u00e1vfel\u00fcgyelet d\u00edja fizethet\u0151 negyed\u00e9vente, f\u00e9l\u00e9vente, \u00e9vente, k\u00e9szp\u00e9nzben, csekken vagy \u00e1tutal\u00e1ssal. Az \u00e9ves d\u00edj egy\u00f6sszeg\u0171 kifizet\u00e9se eset\u00e9ben&nbsp;egy h\u00f3nap havid\u00edjat elenged\u00fcnk. A kieg\u00e9sz\u00edt\u0151 szolg\u00e1ltat\u00e1sok igen kedvez\u0151 d\u00edjjal, a v\u00e1lasztott szolg\u00e1ltat\u00e1sok f\u00fcggv\u00e9ny\u00e9ben vehet\u0151k ig\u00e9nybe.<\/p>\t\t\t\t\t\t\t\t<\/div>\n\t\t\t\t<\/div>\n\t\t\t\t<div class=\"elementor-element elementor-element-511de26 elementor-widget elementor-widget-text-editor\" data-id=\"511de26\" data-element_type=\"widget\" data-e-type=\"widget\" data-widget_type=\"text-editor.default\">\n\t\t\t\t<div class=\"elementor-widget-container\">\n\t\t\t\t\t\t\t\t\t<p> <\/p>\n<ul class=\"wp-block-list\">\n<li>riaszt\u00f3rendszerek telep\u00edt\u00e9se, mely\u00a0ingyenes helysz\u00edni felm\u00e9r\u00e9s\u00a0ut\u00e1n az \u00fcgyf\u00e9l ig\u00e9nye, az adott objektum adotts\u00e1ga \/ak\u00e1r k\u00fclt\u00e9ren is\/, \u00e9s szakembereink javaslata alapj\u00e1n k\u00e9sz\u00fcl el<\/li>\n \n<li>m\u00e1s \u00e1ltal telep\u00edtett riaszt\u00f3rendszerek fel\u00fclvizsg\u00e1lata<\/li>\n \n<li>riaszt\u00f3rendszerek rendszeres karbantart\u00e1sa a t\u00e9ves jelz\u00e9sek cs\u00f6kkent\u00e9s\u00e9rt<\/li>\n \n<li>kamer\u00e1s megfigyel\u0151rendszerek, munkaid\u0151 nyilv\u00e1ntart\u00f3k, t\u0171zjelz\u0151 rendszerek tervez\u00e9se, \u00e9s ki\u00e9p\u00edt\u00e9se<\/li>\n<\/ul>\t\t\t\t\t\t\t\t<\/div>\n\t\t\t\t<\/div>\n\t\t\t\t\t<\/div>\n\t\t<\/div>\n\t\t\t\t<div class=\"elementor-column elementor-col-50 elementor-top-column elementor-element elementor-element-90e6018\" data-id=\"90e6018\" data-element_type=\"column\" data-e-type=\"column\">\n\t\t\t<div class=\"elementor-widget-wrap elementor-element-populated\">\n\t\t\t\t\t\t<div class=\"elementor-element elementor-element-b363db9 elementor-widget elementor-widget-heading\" data-id=\"b363db9\" data-element_type=\"widget\" data-e-type=\"widget\" data-widget_type=\"heading.default\">\n\t\t\t\t<div class=\"elementor-widget-container\">\n\t\t\t\t\t<h2 class=\"elementor-heading-title elementor-size-default\">Kivonul\u00e1si ter\u00fcleteink saj\u00e1t j\u00e1r\u0151r \u00e1ltal<\/h2>\t\t\t\t<\/div>\n\t\t\t\t<\/div>\n\t\t\t\t<div class=\"elementor-element elementor-element-7bdfc90 elementor-widget elementor-widget-text-editor\" data-id=\"7bdfc90\" data-element_type=\"widget\" data-e-type=\"widget\" data-widget_type=\"text-editor.default\">\n\t\t\t\t<div class=\"elementor-widget-container\">\n\t\t\t\t\t\t\t\t\t<ul>\n<li>Als\u00f3n\u00e9medi<\/li>\n<li><span style=\"background-color: transparent;\">D\u00e9legyh\u00e1za<\/span><\/li>\n<li>Dunaharaszti<\/li>\n<li>Dunavars\u00e1ny<\/li>\n<li>Hal\u00e1sztelek<\/li>\n<li>Kiskunlach\u00e1za<\/li>\n<li><span style=\"background-color: transparent;\">Mak\u00e1d<\/span><\/li>\n<li>L\u00f3r\u00e9v<\/li>\n<li>R\u00e1ckeve<\/li>\n<li>Szigetbecse<\/li>\n<li>Szigetcs\u00e9p<\/li>\n<li>Szigethalom<\/li>\n<li>Szigetszentmikl\u00f3s<\/li>\n<li>Szigetszentm\u00e1rton<\/li>\n<li>Sziget\u00fajfalu<\/li>\n<li><span style=\"background-color: transparent;\">Taksony<\/span><\/li>\n<li>T\u00f6k\u00f6l<\/li>\n<\/ul>\t\t\t\t\t\t\t\t<\/div>\n\t\t\t\t<\/div>\n\t\t\t\t\t<\/div>\n\t\t<\/div>\n\t\t\t\t\t<\/div>\n\t\t<\/section>\n\t\t\t\t<section class=\"elementor-section elementor-top-section elementor-element elementor-element-bb13eca elementor-section-boxed elementor-section-height-default elementor-section-height-default wpr-particle-no wpr-jarallax-no wpr-parallax-no wpr-sticky-section-no wpr-equal-height-no\" data-id=\"bb13eca\" data-element_type=\"section\" data-e-type=\"section\">\n\t\t\t\t\t\t<div class=\"elementor-container elementor-column-gap-default\">\n\t\t\t\t\t<div class=\"elementor-column elementor-col-100 elementor-top-column elementor-element elementor-element-c190695\" data-id=\"c190695\" data-element_type=\"column\" data-e-type=\"column\">\n\t\t\t<div class=\"elementor-widget-wrap\">\n\t\t\t\t\t\t\t<\/div>\n\t\t<\/div>\n\t\t\t\t\t<\/div>\n\t\t<\/section>\n\t\t\t\t<\/div>\n\t\t","protected":false},"excerpt":{"rendered":"<p>Riaszt\u00f3 t\u00e1vfel\u00fcgyelet Nyaral\u00f3kban, lak\u00e1sokban, irod\u00e1kban, \u00fczlet helys\u00e9gekben, ipari objektumokban \u00fczemel\u0151 k\u00fcl \u00e9s belt\u00e9ri riaszt\u00f3berendez\u00e9sek \u00e1ltal \u00e9rz\u00e9kelt \u00e9s fel\u00fcgyelet\u00fcnkre tov\u00e1bb\u00edtott jelek fogad\u00e1s\u00e1t, \u00e9s azokra val\u00f3 int\u00e9zked\u00e9s a nap 24 \u00f3r\u00e1j\u00e1ban v\u00e1llaljuk. Riaszt\u00e1s jelz\u00e9sek: t\u00e1mad\u00e1s (p\u00e1nik, k\u00e9nyszer\u00edtett nyit\u00e1s) jelz\u00e9s (Ez esetben nincs lehet\u0151s\u00e9g a jelz\u00e9s lemond\u00e1s\u00e1ra, j\u00e1r\u0151r\u00fcnk azonnal a helysz\u00ednre siet, \u00e9s a rend\u0151rs\u00e9get is \u00e9rtes\u00edti.) bet\u00f6r\u00e9sjelz\u00e9s (Diszp\u00e9cser\u00fcnk azonos\u00edtja a behatol\u00e1s pontos hely\u00e9t \u00e9s idej\u00e9t. Ennek felt\u00e9tele, hogy minden \u00e9rz\u00e9kel\u0151 k\u00fcl\u00f6n z\u00f3n\u00e1ra kapcsol\u00f3djon a k\u00f6zpontban. A r\u00e9gebbi rendszerekn\u00e9l ez m\u00e9g nem lehets\u00e9ges, arr\u00f3l \u00f6sszes\u00edtett bet\u00f6r\u00e9sjelz\u00e9s \u00e9rkezik.) szabot\u00e1zsjelz\u00e9s (A riaszt\u00f3rendszer 24 \u00f3r\u00e1s \u00f6nv\u00e9delme, idegenkez\u0171s\u00e9g \u00e9s rong\u00e1l\u00e1s ellen.) t\u0171zjelz\u00e9s, CO jelz\u00e9s orvosi seg\u00e9lyk\u00e9r\u00e9s Technikai \u00e9s egy\u00e9b jelz\u00e9sek: \u00c1ramsz\u00fcnet (h\u00e1l\u00f3zat kimarad\u00e1s, AC hiba), Akkumul\u00e1tor mer\u00fcl\u00e9s Z\u00f3nahiba, T\u0171zhiba Kommunik\u00e1ci\u00f3s hiba, Elmaradt tesztjelz\u00e9s k\u00fcld\u00e9se kommunik\u00e1ci\u00f3s eszk\u00f6zr\u0151l (A rendszer id\u0151k\u00f6z\u00f6nk\u00e9nt tesztjelent\u00e9st k\u00fcld az \u00fcgyeletre, ezzel ellen\u0151rizve az \u00f6sszek\u00f6ttet\u00e9st az objektum \u00e9s az \u00fcgyeleti sz\u00e1m\u00edt\u00f3g\u00e9p k\u00f6z\u00f6tt.) Z\u00e1r\u00e1s\/Nyit\u00e1s Tiltott nyit\u00e1s\/Elmaradt z\u00e1r\u00e1s R\u00e9szleges z\u00e1r\u00e1s\/nyit\u00e1s, \u00e9les\u00edt\u00e9s kiiktat\u00e1ssal Riaszt\u00f3rendszereink MABISZ enged\u00e9llyel rendelkeznek. Kivonul\u00e1s el\u00e9rhet\u0151 szerz\u0151d\u00f6tt partnereink \u00e1ltal az orsz\u00e1g teljes ter\u00fclet\u00e9n. \u00a0 D\u00edjaz\u00e1s A t\u00e1vfel\u00fcgyelet d\u00edja fizethet\u0151 negyed\u00e9vente, f\u00e9l\u00e9vente, \u00e9vente, k\u00e9szp\u00e9nzben, csekken vagy \u00e1tutal\u00e1ssal. Az \u00e9ves d\u00edj egy\u00f6sszeg\u0171 kifizet\u00e9se eset\u00e9ben&nbsp;egy h\u00f3nap havid\u00edjat elenged\u00fcnk. A kieg\u00e9sz\u00edt\u0151 szolg\u00e1ltat\u00e1sok igen kedvez\u0151 d\u00edjjal, a v\u00e1lasztott szolg\u00e1ltat\u00e1sok f\u00fcggv\u00e9ny\u00e9ben vehet\u0151k ig\u00e9nybe. Kivonul\u00e1si ter\u00fcleteink saj\u00e1t j\u00e1r\u0151r \u00e1ltal Als\u00f3n\u00e9medi D\u00e9legyh\u00e1za Dunaharaszti Dunavars\u00e1ny Hal\u00e1sztelek Kiskunlach\u00e1za Mak\u00e1d L\u00f3r\u00e9v R\u00e1ckeve Szigetbecse Szigetcs\u00e9p Szigethalom Szigetszentmikl\u00f3s Szigetszentm\u00e1rton Sziget\u00fajfalu Taksony T\u00f6k\u00f6l<\/p>\n","protected":false},"author":1,"featured_media":0,"parent":0,"menu_order":0,"comment_status":"closed","ping_status":"closed","template":"","meta":{"footnotes":""},"class_list":["post-17","page","type-page","status-publish","hentry"],"_links":{"self":[{"href":"https:\/\/www.ved-gat.hu\/index.php\/wp-json\/wp\/v2\/pages\/17","targetHints":{"allow":["GET"]}}],"collection":[{"href":"https:\/\/www.ved-gat.hu\/index.php\/wp-json\/wp\/v2\/pages"}],"about":[{"href":"https:\/\/www.ved-gat.hu\/index.php\/wp-json\/wp\/v2\/types\/page"}],"author":[{"embeddable":true,"href":"https:\/\/www.ved-gat.hu\/index.php\/wp-json\/wp\/v2\/users\/1"}],"replies":[{"embeddable":true,"href":"https:\/\/www.ved-gat.hu\/index.php\/wp-json\/wp\/v2\/comments?post=17"}],"version-history":[{"count":32,"href":"https:\/\/www.ved-gat.hu\/index.php\/wp-json\/wp\/v2\/pages\/17\/revisions"}],"predecessor-version":[{"id":1391,"href":"https:\/\/www.ved-gat.hu\/index.php\/wp-json\/wp\/v2\/pages\/17\/revisions\/1391"}],"wp:attachment":[{"href":"https:\/\/www.ved-gat.hu\/index.php\/wp-json\/wp\/v2\/media?parent=17"}],"curies":[{"name":"wp","href":"https:\/\/api.w.org\/{rel}","templated":true}]}}